{"id":8960,"date":"2023-11-20T11:39:20","date_gmt":"2023-11-20T10:39:20","guid":{"rendered":"http:\/\/localhost\/mdcfromprod\/?page_id=8960"},"modified":"2025-12-15T18:16:53","modified_gmt":"2025-12-15T17:16:53","slug":"legal-notices","status":"publish","type":"page","link":"https:\/\/moulin-de-chaules.com\/nl\/legal-notices\/","title":{"rendered":"Impressum"},"content":{"rendered":"<div data-elementor-type=\"wp-page\" data-elementor-id=\"8960\" class=\"elementor elementor-8960\">\n\t\t\t\t\t\t<section class=\"elementor-section elementor-top-section elementor-element elementor-element-2867405 elementor-section-boxed elementor-section-height-default elementor-section-height-default qodef-elementor-content-no\" data-id=\"2867405\" data-element_type=\"section\" data-e-type=\"section\">\n\t\t\t\t\t\t<div class=\"elementor-container elementor-column-gap-default\">\n\t\t\t\t\t<div class=\"elementor-column elementor-col-100 elementor-top-column elementor-element elementor-element-4c0f23a\" data-id=\"4c0f23a\" data-element_type=\"column\" data-e-type=\"column\">\n\t\t\t<div class=\"elementor-widget-wrap elementor-element-populated\">\n\t\t\t\t\t\t<div class=\"elementor-element elementor-element-e8fe586 elementor-widget elementor-widget-text-editor\" data-id=\"e8fe586\" data-element_type=\"widget\" data-e-type=\"widget\" data-widget_type=\"text-editor.default\">\n\t\t\t\t<div class=\"elementor-widget-container\">\n\t\t\t\t\t\t\t\t\t<h1>Mentions l\u00e9gales :<\/h1><p>Conform\u00e9ment aux dispositions de l&#8217;article 6 III-1 de la loi n\u00b0 2004-575 du 21 juin 2004 pour la confiance dans l&#8217;\u00e9conomie num\u00e9rique, cette page reprend les mentions l\u00e9gales et conditions g\u00e9n\u00e9rales d&#8217;utilisation du site.<\/p><p>\u00c9diteur du site :<\/p><p>Le pr\u00e9sent site est la propri\u00e9t\u00e9 de SAS Camping Moulin de chaules<\/p><p>\u00b7 SAS au capital de 4000\u20ac<\/p><p>\u00b7 immatricul\u00e9e au Registre du Commerce et des Soci\u00e9t\u00e9s d\u2019Aurillac sous le num\u00e9ro 788 427 540<\/p><p>\u00b7 si\u00e8ge social : Chaules \u2013 15600 SAINT CONSTANT<\/p><p>\u00b7 N\u00b0TVA : FR 788 427 540<\/p><p>\u00b7 SIRET : 78842754000018- APE : 5530Z<\/p><p>\u00b7 e-mail : <a href=\"mailto:camping@moulin-de-chaules.com\">camping@moulin-de-chaules.com<\/a><\/p><p>\u00b7 t\u00e9l\u00e9phone : 0471491102<\/p><p>Directeur de la publication :<\/p><p>Le directeur de la publication du site web est LHOUMEAU Christophe, en qualit\u00e9 de pr\u00e9sident<\/p><p>H\u00e9bergement :<\/p><p>Ce site internet est h\u00e9berg\u00e9 par la soci\u00e9t\u00e9 OVH<\/p><p>\u00b7 OVH<\/p><p>\u00b7 140 quai Sartel<\/p><p>\u00b7 59000 ROUBAIX<\/p><p>\u00b7 T\u00e9l. : 0899 701 761<\/p><p>\u00b7 <a title=\"OVH\" href=\"http:\/\/www.ovh.com\" target=\"_blank\" rel=\"noopener\">www.ovh.com<\/a><\/p><p>\u00b7 59000 ROUBAIX<\/p><p>DONN\u00c9ES PERSONNELLES<\/p><p>Les donn\u00e9es personnelles des internautes collect\u00e9es par le biais du site internet www.moulin-de-chaules.com sont collect\u00e9es et trait\u00e9es dans le respect des dispositions de la loi n\u00b078-17 du 6 janvier 1978, dite Loi Informatique et Libert\u00e9s et celle du 20 Juin 2018 dite loi RGPD<\/p><p>Le responsable du traitement est l&#8217;\u00e9diteur du site tel qu&#8217;identifi\u00e9 ci-dessus.<\/p><p>Les donn\u00e9es personnelles collect\u00e9es sur www.moulin-de-chaules.com sont exclusivement destin\u00e9es \u00e0 l&#8217;\u00e9diteur du site. Aucune donn\u00e9e personnelle n&#8217;est c\u00e9d\u00e9e ou communiqu\u00e9e \u00e0 un tiers.<\/p><p>Ces donn\u00e9es ont pour finalit\u00e9 le traitement des messages re\u00e7us pass\u00e9s par l&#8217;internaute sur le site www. Moulin-de-chaules.com.<\/p><p>Les donn\u00e9es collect\u00e9es pourront \u00e9galement \u00eatre utilis\u00e9es pour adresser \u00e0 l&#8217;internaute les offres promotionnelles et newsletters du site et de ses partenaires ce d\u00e8s lors que l&#8217;internaute a fait part de son accord.<\/p><p>Conform\u00e9ment \u00e0 la loi pr\u00e9cit\u00e9e, l&#8217;internaute dispose d&#8217;un droit d&#8217;acc\u00e8s, de rectification, de suppression des donn\u00e9es personnelles le concernant. Pour exercer ce droit, l&#8217;internaute peut adresser sa demande :<\/p><p>\u00b7 par courriel \u00e0 <a href=\"mailto:camping@moulin-de-chaules.com\">camping@moulin-de-chaules.com<\/a><\/p><p>\u00b7 ou par courrier \u00e0 : Camping Moulin de Chaules \u2013 Chaules \u2013 15600 SAINT CONSTANT<\/p><p>L&#8217;internaute dispose \u00e9galement d&#8217;un droit d&#8217;opposition \u00e0 la collecte de ses donn\u00e9es. L&#8217;internaute est toutefois inform\u00e9 que les donn\u00e9es communiqu\u00e9es par le biais des formulaires pr\u00e9sents sur le site www.moulin-de-chaules.com et identifi\u00e9es comme obligatoires sont n\u00e9cessaires \u00e0 SAS CAMPING MOULIN DE CHAULES pour le traitement et la r\u00e9ponse aux messages re\u00e7us. Le traitement des messages ne pourra en cons\u00e9quence \u00eatre effectu\u00e9 si ces donn\u00e9es ne sont pas renseign\u00e9es par l&#8217;internaute.<\/p><p>PROPRI\u00c9T\u00c9 INTELLECTUELLE<\/p><p>Le site internet exploit\u00e9 \u00e0 l&#8217;adresse www.moulin-de-chaules.com est la propri\u00e9t\u00e9 de la soci\u00e9t\u00e9 SAS Camping Moulin de Chaules.<\/p><p>Ce site est en outre une \u0153uvre prot\u00e9g\u00e9e par le droit de la propri\u00e9t\u00e9 intellectuelle. Il comporte des textes, images, photographies, illustrations, logos, eux-m\u00eames prot\u00e9g\u00e9s par des droits de propri\u00e9t\u00e9s industrielle et intellectuelle.<\/p><p>L&#8217;usage par l&#8217;internaute du site www.moulin-de-chaules.com est strictement r\u00e9serv\u00e9 \u00e0 un usage priv\u00e9- le droit d&#8217;utilisation par l&#8217;internaute \u00e9tant limit\u00e9 \u00e0 la consultation des informations figurant sur le site.<\/p><p>Toute utilisation, reproduction, t\u00e9l\u00e9chargement total ou partiel du site www.moulin-de-chaules.com, ou de l&#8217;un de ses \u00e9l\u00e9ments textes, images, photographies illustrations, logos sans l&#8217;accord de son propri\u00e9taire ou du titulaire des droits est en cons\u00e9quence interdite, \u00e0 l&#8217;exception de la copie priv\u00e9e r\u00e9alis\u00e9e \u00e0 des fins personnelles et non commerciales.<\/p><p>Toute infraction au pr\u00e9sent article est susceptible d&#8217;\u00eatre p\u00e9nalement et civilement sanctionn\u00e9e, notamment au titre de la contrefa\u00e7on et entra\u00eenera le cas \u00e9ch\u00e9ant le versement de dommages et int\u00e9r\u00eats.<\/p>\t\t\t\t\t\t\t\t<\/div>\n\t\t\t\t<\/div>\n\t\t\t\t\t<\/div>\n\t\t<\/div>\n\t\t\t\t\t<\/div>\n\t\t<\/section>\n\t\t\t\t<\/div>","protected":false},"excerpt":{"rendered":"<p>Mentions l\u00e9gales : Conform\u00e9ment aux dispositions de l&#8217;article 6 III-1 de la loi n\u00b0 2004-575 du 21 juin 2004 pour la confiance dans l&#8217;\u00e9conomie num\u00e9rique, cette page reprend les mentions l\u00e9gales et conditions g\u00e9n\u00e9rales d&#8217;utilisation du site. \u00c9diteur du site : Le pr\u00e9sent site est la propri\u00e9t\u00e9 de SAS Camping Moulin de chaules \u00b7 SAS [&hellip;]<\/p>\n","protected":false},"author":3,"featured_media":0,"parent":0,"menu_order":0,"comment_status":"closed","ping_status":"closed","template":"page-full-width.php","meta":{"footnotes":""},"folder":[154],"class_list":["post-8960","page","type-page","status-publish","hentry"],"yoast_head":"<!-- This site is optimized with the Yoast SEO Premium plugin v27.1 (Yoast SEO v27.4) - https:\/\/yoast.com\/product\/yoast-seo-premium-wordpress\/ -->\n<title>Legal Notices: D\u00e9tails de la Soci\u00e9t\u00e9 Camping Moulin - Camping Moulin De Chaules<\/title>\n<meta name=\"description\" content=\"Prenez connaissance des Legal Notices du site Camping Moulin de chaules, avec toutes les informations n\u00e9cessaires.\" \/>\n<meta name=\"robots\" content=\"index, follow, max-snippet:-1, max-image-preview:large, max-video-preview:-1\" \/>\n<link rel=\"canonical\" href=\"https:\/\/moulin-de-chaules.com\/nl\/legal-notices\/\" \/>\n<meta property=\"og:locale\" content=\"nl_NL\" \/>\n<meta property=\"og:type\" content=\"article\" \/>\n<meta property=\"og:title\" content=\"Legal Notices\" \/>\n<meta property=\"og:description\" content=\"Prenez connaissance des Legal Notices du site Camping Moulin de chaules, avec toutes les informations n\u00e9cessaires.\" \/>\n<meta property=\"og:url\" content=\"https:\/\/moulin-de-chaules.com\/nl\/legal-notices\/\" \/>\n<meta property=\"og:site_name\" content=\"Camping Moulin De Chaules\" \/>\n<meta property=\"article:publisher\" content=\"https:\/\/www.facebook.com\/CampingMoulinDeChaules\" \/>\n<meta property=\"article:modified_time\" content=\"2025-12-15T17:16:53+00:00\" \/>\n<meta property=\"og:image\" content=\"https:\/\/moulin-de-chaules.com\/wp-content\/uploads\/2023\/09\/cropped-logo-1.webp\" \/>\n\t<meta property=\"og:image:width\" content=\"512\" \/>\n\t<meta property=\"og:image:height\" content=\"512\" \/>\n\t<meta property=\"og:image:type\" content=\"image\/webp\" \/>\n<meta name=\"twitter:card\" content=\"summary_large_image\" \/>\n<meta name=\"twitter:label1\" content=\"Geschatte leestijd\" \/>\n\t<meta name=\"twitter:data1\" content=\"3 minuten\" \/>\n<script type=\"application\/ld+json\" class=\"yoast-schema-graph\">{\"@context\":\"https:\\\/\\\/schema.org\",\"@graph\":[{\"@type\":\"WebPage\",\"@id\":\"https:\\\/\\\/moulin-de-chaules.com\\\/en\\\/legal-notices\\\/\",\"url\":\"https:\\\/\\\/moulin-de-chaules.com\\\/en\\\/legal-notices\\\/\",\"name\":\"Legal Notices: D\u00e9tails de la Soci\u00e9t\u00e9 Camping Moulin - Camping Moulin De Chaules\",\"isPartOf\":{\"@id\":\"https:\\\/\\\/moulin-de-chaules.com\\\/en\\\/#website\"},\"datePublished\":\"2023-11-20T10:39:20+00:00\",\"dateModified\":\"2025-12-15T17:16:53+00:00\",\"description\":\"Prenez connaissance des Legal Notices du site Camping Moulin de chaules, avec toutes les informations n\u00e9cessaires.\",\"breadcrumb\":{\"@id\":\"https:\\\/\\\/moulin-de-chaules.com\\\/en\\\/legal-notices\\\/#breadcrumb\"},\"inLanguage\":\"nl-NL\",\"potentialAction\":[{\"@type\":\"ReadAction\",\"target\":[\"https:\\\/\\\/moulin-de-chaules.com\\\/en\\\/legal-notices\\\/\"]}]},{\"@type\":\"BreadcrumbList\",\"@id\":\"https:\\\/\\\/moulin-de-chaules.com\\\/en\\\/legal-notices\\\/#breadcrumb\",\"itemListElement\":[{\"@type\":\"ListItem\",\"position\":1,\"name\":\"Accueil\",\"item\":\"https:\\\/\\\/moulin-de-chaules.com\\\/en\\\/\"},{\"@type\":\"ListItem\",\"position\":2,\"name\":\"Legal Notices\"}]},{\"@type\":\"WebSite\",\"@id\":\"https:\\\/\\\/moulin-de-chaules.com\\\/en\\\/#website\",\"url\":\"https:\\\/\\\/moulin-de-chaules.com\\\/en\\\/\",\"name\":\"Camping Moulin de Chaules\",\"description\":\"Charmant petit camping en vallee du lot\",\"publisher\":{\"@id\":\"https:\\\/\\\/moulin-de-chaules.com\\\/en\\\/#organization\"},\"alternateName\":\"Moulin de Chaules\",\"potentialAction\":[{\"@type\":\"SearchAction\",\"target\":{\"@type\":\"EntryPoint\",\"urlTemplate\":\"https:\\\/\\\/moulin-de-chaules.com\\\/en\\\/?s={search_term_string}\"},\"query-input\":{\"@type\":\"PropertyValueSpecification\",\"valueRequired\":true,\"valueName\":\"search_term_string\"}}],\"inLanguage\":\"nl-NL\"},{\"@type\":\"Organization\",\"@id\":\"https:\\\/\\\/moulin-de-chaules.com\\\/en\\\/#organization\",\"name\":\"Camping Moulin de Chaules\",\"alternateName\":\"Moulin de Chaules\",\"url\":\"https:\\\/\\\/moulin-de-chaules.com\\\/en\\\/\",\"logo\":{\"@type\":\"ImageObject\",\"inLanguage\":\"nl-NL\",\"@id\":\"https:\\\/\\\/moulin-de-chaules.com\\\/en\\\/#\\\/schema\\\/logo\\\/image\\\/\",\"url\":\"https:\\\/\\\/moulin-de-chaules.com\\\/wp-content\\\/uploads\\\/2023\\\/11\\\/logo3.png\",\"contentUrl\":\"https:\\\/\\\/moulin-de-chaules.com\\\/wp-content\\\/uploads\\\/2023\\\/11\\\/logo3.png\",\"width\":1401,\"height\":1616,\"caption\":\"Camping Moulin de Chaules\"},\"image\":{\"@id\":\"https:\\\/\\\/moulin-de-chaules.com\\\/en\\\/#\\\/schema\\\/logo\\\/image\\\/\"},\"sameAs\":[\"https:\\\/\\\/www.facebook.com\\\/CampingMoulinDeChaules\",\"https:\\\/\\\/www.instagram.com\\\/campingmoulindechaules\\\/\",\"https:\\\/\\\/fr.pinterest.com\\\/campingmoulindechaules\\\/\"]}]}<\/script>\n<!-- \/ Yoast SEO Premium plugin. -->","yoast_head_json":{"title":"Legal Notices: D\u00e9tails de la Soci\u00e9t\u00e9 Camping Moulin - Camping Moulin De Chaules","description":"Prenez connaissance des Legal Notices du site Camping Moulin de chaules, avec toutes les informations n\u00e9cessaires.","robots":{"index":"index","follow":"follow","max-snippet":"max-snippet:-1","max-image-preview":"max-image-preview:large","max-video-preview":"max-video-preview:-1"},"canonical":"https:\/\/moulin-de-chaules.com\/nl\/legal-notices\/","og_locale":"nl_NL","og_type":"article","og_title":"Legal Notices","og_description":"Prenez connaissance des Legal Notices du site Camping Moulin de chaules, avec toutes les informations n\u00e9cessaires.","og_url":"https:\/\/moulin-de-chaules.com\/nl\/legal-notices\/","og_site_name":"Camping Moulin De Chaules","article_publisher":"https:\/\/www.facebook.com\/CampingMoulinDeChaules","article_modified_time":"2025-12-15T17:16:53+00:00","og_image":[{"width":512,"height":512,"url":"https:\/\/moulin-de-chaules.com\/wp-content\/uploads\/2023\/09\/cropped-logo-1.webp","type":"image\/webp"}],"twitter_card":"summary_large_image","twitter_misc":{"Geschatte leestijd":"3 minuten"},"schema":{"@context":"https:\/\/schema.org","@graph":[{"@type":"WebPage","@id":"https:\/\/moulin-de-chaules.com\/en\/legal-notices\/","url":"https:\/\/moulin-de-chaules.com\/en\/legal-notices\/","name":"Legal Notices: D\u00e9tails de la Soci\u00e9t\u00e9 Camping Moulin - Camping Moulin De Chaules","isPartOf":{"@id":"https:\/\/moulin-de-chaules.com\/en\/#website"},"datePublished":"2023-11-20T10:39:20+00:00","dateModified":"2025-12-15T17:16:53+00:00","description":"Prenez connaissance des Legal Notices du site Camping Moulin de chaules, avec toutes les informations n\u00e9cessaires.","breadcrumb":{"@id":"https:\/\/moulin-de-chaules.com\/en\/legal-notices\/#breadcrumb"},"inLanguage":"nl-NL","potentialAction":[{"@type":"ReadAction","target":["https:\/\/moulin-de-chaules.com\/en\/legal-notices\/"]}]},{"@type":"BreadcrumbList","@id":"https:\/\/moulin-de-chaules.com\/en\/legal-notices\/#breadcrumb","itemListElement":[{"@type":"ListItem","position":1,"name":"Accueil","item":"https:\/\/moulin-de-chaules.com\/en\/"},{"@type":"ListItem","position":2,"name":"Legal Notices"}]},{"@type":"WebSite","@id":"https:\/\/moulin-de-chaules.com\/en\/#website","url":"https:\/\/moulin-de-chaules.com\/en\/","name":"Camping Moulin de Chaules","description":"Charmant petit camping en vallee du lot","publisher":{"@id":"https:\/\/moulin-de-chaules.com\/en\/#organization"},"alternateName":"Moulin de Chaules","potentialAction":[{"@type":"SearchAction","target":{"@type":"EntryPoint","urlTemplate":"https:\/\/moulin-de-chaules.com\/en\/?s={search_term_string}"},"query-input":{"@type":"PropertyValueSpecification","valueRequired":true,"valueName":"search_term_string"}}],"inLanguage":"nl-NL"},{"@type":"Organization","@id":"https:\/\/moulin-de-chaules.com\/en\/#organization","name":"Camping Moulin de Chaules","alternateName":"Moulin de Chaules","url":"https:\/\/moulin-de-chaules.com\/en\/","logo":{"@type":"ImageObject","inLanguage":"nl-NL","@id":"https:\/\/moulin-de-chaules.com\/en\/#\/schema\/logo\/image\/","url":"https:\/\/moulin-de-chaules.com\/wp-content\/uploads\/2023\/11\/logo3.png","contentUrl":"https:\/\/moulin-de-chaules.com\/wp-content\/uploads\/2023\/11\/logo3.png","width":1401,"height":1616,"caption":"Camping Moulin de Chaules"},"image":{"@id":"https:\/\/moulin-de-chaules.com\/en\/#\/schema\/logo\/image\/"},"sameAs":["https:\/\/www.facebook.com\/CampingMoulinDeChaules","https:\/\/www.instagram.com\/campingmoulindechaules\/","https:\/\/fr.pinterest.com\/campingmoulindechaules\/"]}]}},"_links":{"self":[{"href":"https:\/\/moulin-de-chaules.com\/nl\/wp-json\/wp\/v2\/pages\/8960","targetHints":{"allow":["GET"]}}],"collection":[{"href":"https:\/\/moulin-de-chaules.com\/nl\/wp-json\/wp\/v2\/pages"}],"about":[{"href":"https:\/\/moulin-de-chaules.com\/nl\/wp-json\/wp\/v2\/types\/page"}],"author":[{"embeddable":true,"href":"https:\/\/moulin-de-chaules.com\/nl\/wp-json\/wp\/v2\/users\/3"}],"replies":[{"embeddable":true,"href":"https:\/\/moulin-de-chaules.com\/nl\/wp-json\/wp\/v2\/comments?post=8960"}],"version-history":[{"count":23,"href":"https:\/\/moulin-de-chaules.com\/nl\/wp-json\/wp\/v2\/pages\/8960\/revisions"}],"predecessor-version":[{"id":9239,"href":"https:\/\/moulin-de-chaules.com\/nl\/wp-json\/wp\/v2\/pages\/8960\/revisions\/9239"}],"wp:attachment":[{"href":"https:\/\/moulin-de-chaules.com\/nl\/wp-json\/wp\/v2\/media?parent=8960"}],"wp:term":[{"taxonomy":"folder","embeddable":true,"href":"https:\/\/moulin-de-chaules.com\/nl\/wp-json\/wp\/v2\/folder?post=8960"}],"curies":[{"name":"wp","href":"https:\/\/api.w.org\/{rel}","templated":true}]}}