{"id":9057,"date":"2023-11-21T19:16:07","date_gmt":"2023-11-21T18:16:07","guid":{"rendered":"https:\/\/localhost\/mdcfromprod\/?page_id=9057"},"modified":"2025-12-15T18:05:15","modified_gmt":"2025-12-15T17:05:15","slug":"brochure","status":"publish","type":"page","link":"https:\/\/moulin-de-chaules.com\/fr\/brochure\/","title":{"rendered":"Brochure"},"content":{"rendered":"<div data-elementor-type=\"wp-page\" data-elementor-id=\"9057\" class=\"elementor elementor-9057\">\n\t\t\t\t\t\t<section class=\"elementor-section elementor-top-section elementor-element elementor-element-0a396a9 elementor-section-boxed elementor-section-height-default elementor-section-height-default qodef-elementor-content-no\" data-id=\"0a396a9\" data-element_type=\"section\" data-e-type=\"section\">\n\t\t\t\t\t\t<div class=\"elementor-container elementor-column-gap-default\">\n\t\t\t\t\t<div class=\"elementor-column elementor-col-100 elementor-top-column elementor-element elementor-element-51c6737\" data-id=\"51c6737\" data-element_type=\"column\" data-e-type=\"column\">\n\t\t\t<div class=\"elementor-widget-wrap elementor-element-populated\">\n\t\t\t\t\t\t<div class=\"elementor-element elementor-element-7cd90f6 elementor-widget elementor-widget-shortcode\" data-id=\"7cd90f6\" data-element_type=\"widget\" data-e-type=\"widget\" data-widget_type=\"shortcode.default\">\n\t\t\t\t<div class=\"elementor-widget-container\">\n\t\t\t\t\t\t\t<div class=\"elementor-shortcode\"><a href=\"https:\/\/moulin-de-chaules.com\/wp-content\/uploads\/2023\/11\/brochure_mdc.pdf\" class=\"pdfemb-viewer\" style=\"\" data-width=\"max\" data-height=\"max\" data-toolbar=\"bottom\" data-toolbar-fixed=\"off\">brochure_mdc<\/a><\/div>\n\t\t\t\t\t\t<\/div>\n\t\t\t\t<\/div>\n\t\t\t\t\t<\/div>\n\t\t<\/div>\n\t\t\t\t\t<\/div>\n\t\t<\/section>\n\t\t\t\t<\/div>","protected":false},"excerpt":{"rendered":"","protected":false},"author":3,"featured_media":0,"parent":0,"menu_order":0,"comment_status":"closed","ping_status":"closed","template":"","meta":{"footnotes":""},"folder":[154],"class_list":["post-9057","page","type-page","status-publish","hentry"],"yoast_head":"<!-- This site is optimized with the Yoast SEO Premium plugin v27.1 (Yoast SEO v27.3) - https:\/\/yoast.com\/product\/yoast-seo-premium-wordpress\/ -->\n<title>Brochure: Toutes les informations et h\u00e9bergements - Camping Moulin De Chaules<\/title>\n<meta name=\"description\" content=\"D\u00e9couvrez la bruchure compl\u00e9te de l&#039;\u00e9tablissement avec les emplacement, les h\u00e9bergements et les services propos\u00e9s.\" \/>\n<meta name=\"robots\" content=\"index, follow, max-snippet:-1, max-image-preview:large, max-video-preview:-1\" \/>\n<link rel=\"canonical\" href=\"http:\/\/moulin-de-chaules.com\/fr\/brochure\/\" \/>\n<meta property=\"og:locale\" content=\"fr_FR\" \/>\n<meta property=\"og:type\" content=\"article\" \/>\n<meta property=\"og:title\" content=\"Brochure\" \/>\n<meta property=\"og:description\" content=\"D\u00e9couvrez la bruchure compl\u00e9te de l&#039;\u00e9tablissement avec les emplacement, les h\u00e9bergements et les services propos\u00e9s.\" \/>\n<meta property=\"og:url\" content=\"http:\/\/moulin-de-chaules.com\/fr\/brochure\/\" \/>\n<meta property=\"og:site_name\" content=\"Camping Moulin De Chaules\" \/>\n<meta property=\"article:publisher\" content=\"https:\/\/www.facebook.com\/CampingMoulinDeChaules\" \/>\n<meta property=\"article:modified_time\" content=\"2025-12-15T17:05:15+00:00\" \/>\n<meta property=\"og:image\" content=\"https:\/\/moulin-de-chaules.com\/wp-content\/uploads\/2023\/09\/cropped-logo-1.webp\" \/>\n\t<meta property=\"og:image:width\" content=\"512\" \/>\n\t<meta property=\"og:image:height\" content=\"512\" \/>\n\t<meta property=\"og:image:type\" content=\"image\/webp\" \/>\n<meta name=\"twitter:card\" content=\"summary_large_image\" \/>\n<meta name=\"twitter:label1\" content=\"Dur\u00e9e de lecture estim\u00e9e\" \/>\n\t<meta name=\"twitter:data1\" content=\"1 minute\" \/>\n<script type=\"application\/ld+json\" class=\"yoast-schema-graph\">{\"@context\":\"https:\\\/\\\/schema.org\",\"@graph\":[{\"@type\":\"WebPage\",\"@id\":\"http:\\\/\\\/moulin-de-chaules.com\\\/nl\\\/brochure\\\/\",\"url\":\"http:\\\/\\\/moulin-de-chaules.com\\\/nl\\\/brochure\\\/\",\"name\":\"Brochure: Toutes les informations et h\u00e9bergements - Camping Moulin De Chaules\",\"isPartOf\":{\"@id\":\"https:\\\/\\\/moulin-de-chaules.com\\\/en\\\/#website\"},\"datePublished\":\"2023-11-21T18:16:07+00:00\",\"dateModified\":\"2025-12-15T17:05:15+00:00\",\"description\":\"D\u00e9couvrez la bruchure compl\u00e9te de l'\u00e9tablissement avec les emplacement, les h\u00e9bergements et les services propos\u00e9s.\",\"breadcrumb\":{\"@id\":\"http:\\\/\\\/moulin-de-chaules.com\\\/nl\\\/brochure\\\/#breadcrumb\"},\"inLanguage\":\"fr-FR\",\"potentialAction\":[{\"@type\":\"ReadAction\",\"target\":[\"http:\\\/\\\/moulin-de-chaules.com\\\/nl\\\/brochure\\\/\"]}]},{\"@type\":\"BreadcrumbList\",\"@id\":\"http:\\\/\\\/moulin-de-chaules.com\\\/nl\\\/brochure\\\/#breadcrumb\",\"itemListElement\":[{\"@type\":\"ListItem\",\"position\":1,\"name\":\"Accueil\",\"item\":\"https:\\\/\\\/moulin-de-chaules.com\\\/en\\\/\"},{\"@type\":\"ListItem\",\"position\":2,\"name\":\"Brochure\"}]},{\"@type\":\"WebSite\",\"@id\":\"https:\\\/\\\/moulin-de-chaules.com\\\/en\\\/#website\",\"url\":\"https:\\\/\\\/moulin-de-chaules.com\\\/en\\\/\",\"name\":\"Camping Moulin de Chaules\",\"description\":\"Charmant petit camping en vallee du lot\",\"publisher\":{\"@id\":\"https:\\\/\\\/moulin-de-chaules.com\\\/en\\\/#organization\"},\"alternateName\":\"Moulin de Chaules\",\"potentialAction\":[{\"@type\":\"SearchAction\",\"target\":{\"@type\":\"EntryPoint\",\"urlTemplate\":\"https:\\\/\\\/moulin-de-chaules.com\\\/en\\\/?s={search_term_string}\"},\"query-input\":{\"@type\":\"PropertyValueSpecification\",\"valueRequired\":true,\"valueName\":\"search_term_string\"}}],\"inLanguage\":\"fr-FR\"},{\"@type\":\"Organization\",\"@id\":\"https:\\\/\\\/moulin-de-chaules.com\\\/en\\\/#organization\",\"name\":\"Camping Moulin de Chaules\",\"alternateName\":\"Moulin de Chaules\",\"url\":\"https:\\\/\\\/moulin-de-chaules.com\\\/en\\\/\",\"logo\":{\"@type\":\"ImageObject\",\"inLanguage\":\"fr-FR\",\"@id\":\"https:\\\/\\\/moulin-de-chaules.com\\\/en\\\/#\\\/schema\\\/logo\\\/image\\\/\",\"url\":\"https:\\\/\\\/moulin-de-chaules.com\\\/wp-content\\\/uploads\\\/2023\\\/11\\\/logo3.png\",\"contentUrl\":\"https:\\\/\\\/moulin-de-chaules.com\\\/wp-content\\\/uploads\\\/2023\\\/11\\\/logo3.png\",\"width\":1401,\"height\":1616,\"caption\":\"Camping Moulin de Chaules\"},\"image\":{\"@id\":\"https:\\\/\\\/moulin-de-chaules.com\\\/en\\\/#\\\/schema\\\/logo\\\/image\\\/\"},\"sameAs\":[\"https:\\\/\\\/www.facebook.com\\\/CampingMoulinDeChaules\",\"https:\\\/\\\/www.instagram.com\\\/campingmoulindechaules\\\/\",\"https:\\\/\\\/fr.pinterest.com\\\/campingmoulindechaules\\\/\"]}]}<\/script>\n<!-- \/ Yoast SEO Premium plugin. -->","yoast_head_json":{"title":"Brochure: Toutes les informations et h\u00e9bergements - Camping Moulin De Chaules","description":"D\u00e9couvrez la bruchure compl\u00e9te de l'\u00e9tablissement avec les emplacement, les h\u00e9bergements et les services propos\u00e9s.","robots":{"index":"index","follow":"follow","max-snippet":"max-snippet:-1","max-image-preview":"max-image-preview:large","max-video-preview":"max-video-preview:-1"},"canonical":"http:\/\/moulin-de-chaules.com\/fr\/brochure\/","og_locale":"fr_FR","og_type":"article","og_title":"Brochure","og_description":"D\u00e9couvrez la bruchure compl\u00e9te de l'\u00e9tablissement avec les emplacement, les h\u00e9bergements et les services propos\u00e9s.","og_url":"http:\/\/moulin-de-chaules.com\/fr\/brochure\/","og_site_name":"Camping Moulin De Chaules","article_publisher":"https:\/\/www.facebook.com\/CampingMoulinDeChaules","article_modified_time":"2025-12-15T17:05:15+00:00","og_image":[{"width":512,"height":512,"url":"https:\/\/moulin-de-chaules.com\/wp-content\/uploads\/2023\/09\/cropped-logo-1.webp","type":"image\/webp"}],"twitter_card":"summary_large_image","twitter_misc":{"Dur\u00e9e de lecture estim\u00e9e":"1 minute"},"schema":{"@context":"https:\/\/schema.org","@graph":[{"@type":"WebPage","@id":"http:\/\/moulin-de-chaules.com\/nl\/brochure\/","url":"http:\/\/moulin-de-chaules.com\/nl\/brochure\/","name":"Brochure: Toutes les informations et h\u00e9bergements - Camping Moulin De Chaules","isPartOf":{"@id":"https:\/\/moulin-de-chaules.com\/en\/#website"},"datePublished":"2023-11-21T18:16:07+00:00","dateModified":"2025-12-15T17:05:15+00:00","description":"D\u00e9couvrez la bruchure compl\u00e9te de l'\u00e9tablissement avec les emplacement, les h\u00e9bergements et les services propos\u00e9s.","breadcrumb":{"@id":"http:\/\/moulin-de-chaules.com\/nl\/brochure\/#breadcrumb"},"inLanguage":"fr-FR","potentialAction":[{"@type":"ReadAction","target":["http:\/\/moulin-de-chaules.com\/nl\/brochure\/"]}]},{"@type":"BreadcrumbList","@id":"http:\/\/moulin-de-chaules.com\/nl\/brochure\/#breadcrumb","itemListElement":[{"@type":"ListItem","position":1,"name":"Accueil","item":"https:\/\/moulin-de-chaules.com\/en\/"},{"@type":"ListItem","position":2,"name":"Brochure"}]},{"@type":"WebSite","@id":"https:\/\/moulin-de-chaules.com\/en\/#website","url":"https:\/\/moulin-de-chaules.com\/en\/","name":"Camping Moulin de Chaules","description":"Charmant petit camping en vallee du lot","publisher":{"@id":"https:\/\/moulin-de-chaules.com\/en\/#organization"},"alternateName":"Moulin de Chaules","potentialAction":[{"@type":"SearchAction","target":{"@type":"EntryPoint","urlTemplate":"https:\/\/moulin-de-chaules.com\/en\/?s={search_term_string}"},"query-input":{"@type":"PropertyValueSpecification","valueRequired":true,"valueName":"search_term_string"}}],"inLanguage":"fr-FR"},{"@type":"Organization","@id":"https:\/\/moulin-de-chaules.com\/en\/#organization","name":"Camping Moulin de Chaules","alternateName":"Moulin de Chaules","url":"https:\/\/moulin-de-chaules.com\/en\/","logo":{"@type":"ImageObject","inLanguage":"fr-FR","@id":"https:\/\/moulin-de-chaules.com\/en\/#\/schema\/logo\/image\/","url":"https:\/\/moulin-de-chaules.com\/wp-content\/uploads\/2023\/11\/logo3.png","contentUrl":"https:\/\/moulin-de-chaules.com\/wp-content\/uploads\/2023\/11\/logo3.png","width":1401,"height":1616,"caption":"Camping Moulin de Chaules"},"image":{"@id":"https:\/\/moulin-de-chaules.com\/en\/#\/schema\/logo\/image\/"},"sameAs":["https:\/\/www.facebook.com\/CampingMoulinDeChaules","https:\/\/www.instagram.com\/campingmoulindechaules\/","https:\/\/fr.pinterest.com\/campingmoulindechaules\/"]}]}},"_links":{"self":[{"href":"https:\/\/moulin-de-chaules.com\/fr\/wp-json\/wp\/v2\/pages\/9057","targetHints":{"allow":["GET"]}}],"collection":[{"href":"https:\/\/moulin-de-chaules.com\/fr\/wp-json\/wp\/v2\/pages"}],"about":[{"href":"https:\/\/moulin-de-chaules.com\/fr\/wp-json\/wp\/v2\/types\/page"}],"author":[{"embeddable":true,"href":"https:\/\/moulin-de-chaules.com\/fr\/wp-json\/wp\/v2\/users\/3"}],"replies":[{"embeddable":true,"href":"https:\/\/moulin-de-chaules.com\/fr\/wp-json\/wp\/v2\/comments?post=9057"}],"version-history":[{"count":7,"href":"https:\/\/moulin-de-chaules.com\/fr\/wp-json\/wp\/v2\/pages\/9057\/revisions"}],"predecessor-version":[{"id":9067,"href":"https:\/\/moulin-de-chaules.com\/fr\/wp-json\/wp\/v2\/pages\/9057\/revisions\/9067"}],"wp:attachment":[{"href":"https:\/\/moulin-de-chaules.com\/fr\/wp-json\/wp\/v2\/media?parent=9057"}],"wp:term":[{"taxonomy":"folder","embeddable":true,"href":"https:\/\/moulin-de-chaules.com\/fr\/wp-json\/wp\/v2\/folder?post=9057"}],"curies":[{"name":"wp","href":"https:\/\/api.w.org\/{rel}","templated":true}]}}