{"id":8990,"date":"2023-11-21T16:14:07","date_gmt":"2023-11-21T15:14:07","guid":{"rendered":"https:\/\/localhost\/mdcfromprod\/?page_id=8990"},"modified":"2025-12-15T18:10:39","modified_gmt":"2025-12-15T17:10:39","slug":"cancellation-insurance","status":"publish","type":"page","link":"https:\/\/moulin-de-chaules.com\/fr\/cancellation-insurance\/","title":{"rendered":"Assurance Annulation"},"content":{"rendered":"<div data-elementor-type=\"wp-page\" data-elementor-id=\"8990\" class=\"elementor elementor-8990\">\n\t\t\t\t\t\t<section class=\"elementor-section elementor-top-section elementor-element elementor-element-d3353e6 elementor-section-boxed elementor-section-height-default elementor-section-height-default qodef-elementor-content-no\" data-id=\"d3353e6\" data-element_type=\"section\" data-e-type=\"section\">\n\t\t\t\t\t\t<div class=\"elementor-container elementor-column-gap-default\">\n\t\t\t\t\t<div class=\"elementor-column elementor-col-100 elementor-top-column elementor-element elementor-element-c13d033\" data-id=\"c13d033\" data-element_type=\"column\" data-e-type=\"column\">\n\t\t\t<div class=\"elementor-widget-wrap elementor-element-populated\">\n\t\t\t\t\t\t<div class=\"elementor-element elementor-element-ee9c400 elementor-widget elementor-widget-image\" data-id=\"ee9c400\" data-element_type=\"widget\" data-e-type=\"widget\" data-no-translation=\"\" data-widget_type=\"image.default\">\n\t\t\t\t<div class=\"elementor-widget-container\">\n\t\t\t\t\t<style>.elementor-element-ee9c400{display:none !important}<\/style>\t\t\t\t<\/div>\n\t\t\t\t<\/div>\n\t\t\t\t<div class=\"elementor-element elementor-element-c6557b7 elementor-widget elementor-widget-image\" data-id=\"c6557b7\" data-element_type=\"widget\" data-e-type=\"widget\" data-no-translation=\"\" data-widget_type=\"image.default\">\n\t\t\t\t<div class=\"elementor-widget-container\">\n\t\t\t\t\t\t\t\t\t\t\t\t\t\t\t\t<a href=\"https:\/\/camping-moulin-de-chaules.legal.meetch.io\/travel\/prod_v2KLwLOYJax4?lang=fr\" target=\"_blank\">\n\t\t\t\t\t\t\t<img fetchpriority=\"high\" decoding=\"async\" width=\"724\" height=\"1024\" src=\"https:\/\/moulin-de-chaules.com\/wp-content\/uploads\/2025\/12\/Flyer-B2C-FR-724x1024.jpg\" class=\"attachment-large size-large wp-image-10993\" alt=\"\" srcset=\"https:\/\/moulin-de-chaules.com\/wp-content\/uploads\/2025\/12\/Flyer-B2C-FR-724x1024.jpg 724w, https:\/\/moulin-de-chaules.com\/wp-content\/uploads\/2025\/12\/Flyer-B2C-FR-212x300.jpg 212w, https:\/\/moulin-de-chaules.com\/wp-content\/uploads\/2025\/12\/Flyer-B2C-FR-768x1086.jpg 768w, https:\/\/moulin-de-chaules.com\/wp-content\/uploads\/2025\/12\/Flyer-B2C-FR-8x12.jpg 8w, https:\/\/moulin-de-chaules.com\/wp-content\/uploads\/2025\/12\/Flyer-B2C-FR.jpg 827w\" sizes=\"(max-width: 724px) 100vw, 724px\" \/>\t\t\t\t\t\t\t\t<\/a>\n\t\t\t\t\t\t\t\t\t\t\t\t\t\t\t<\/div>\n\t\t\t\t<\/div>\n\t\t\t\t<div class=\"elementor-element elementor-element-3760e22 elementor-widget elementor-widget-image\" data-id=\"3760e22\" data-element_type=\"widget\" data-e-type=\"widget\" data-no-translation=\"\" data-widget_type=\"image.default\">\n\t\t\t\t<div class=\"elementor-widget-container\">\n\t\t\t\t\t<style>.elementor-element-3760e22{display:none !important}<\/style>\t\t\t\t<\/div>\n\t\t\t\t<\/div>\n\t\t\t\t\t<\/div>\n\t\t<\/div>\n\t\t\t\t\t<\/div>\n\t\t<\/section>\n\t\t\t\t<section class=\"elementor-section elementor-top-section elementor-element elementor-element-0a396a9 elementor-section-boxed elementor-section-height-default elementor-section-height-default qodef-elementor-content-no\" data-id=\"0a396a9\" data-element_type=\"section\" data-e-type=\"section\">\n\t\t\t\t\t\t<div class=\"elementor-container elementor-column-gap-default\">\n\t\t\t\t\t<div class=\"elementor-column elementor-col-100 elementor-top-column elementor-element elementor-element-51c6737\" data-id=\"51c6737\" data-element_type=\"column\" data-e-type=\"column\">\n\t\t\t<div class=\"elementor-widget-wrap elementor-element-populated\">\n\t\t\t\t\t\t<div class=\"elementor-element elementor-element-7cd90f6 elementor-widget elementor-widget-shortcode\" data-id=\"7cd90f6\" data-element_type=\"widget\" data-e-type=\"widget\" data-no-translation=\"\" data-widget_type=\"shortcode.default\">\n\t\t\t\t<div class=\"elementor-widget-container\">\n\t\t\t\t\t<style>.elementor-element-7cd90f6{display:none !important}<\/style>\t\t\t\t<\/div>\n\t\t\t\t<\/div>\n\t\t\t\t<div class=\"elementor-element elementor-element-fb6cbd2 elementor-widget elementor-widget-shortcode\" data-id=\"fb6cbd2\" data-element_type=\"widget\" data-e-type=\"widget\" data-no-translation=\"\" data-widget_type=\"shortcode.default\">\n\t\t\t\t<div class=\"elementor-widget-container\">\n\t\t\t\t\t\t\t<div class=\"elementor-shortcode\"><a href=\"https:\/\/moulin-de-chaules.com\/wp-content\/uploads\/2025\/12\/Flyer-Meetch-fr.pdf\" class=\"pdfemb-viewer\" style=\"\" data-width=\"max\" data-height=\"max\" data-toolbar=\"bottom\" data-toolbar-fixed=\"off\">Flyer-Meetch-fr<\/a><\/div>\n\t\t\t\t\t\t<\/div>\n\t\t\t\t<\/div>\n\t\t\t\t<div class=\"elementor-element elementor-element-93b3bb5 elementor-widget elementor-widget-shortcode\" data-id=\"93b3bb5\" data-element_type=\"widget\" data-e-type=\"widget\" data-no-translation=\"\" data-widget_type=\"shortcode.default\">\n\t\t\t\t<div class=\"elementor-widget-container\">\n\t\t\t\t\t<style>.elementor-element-93b3bb5{display:none !important}<\/style>\t\t\t\t<\/div>\n\t\t\t\t<\/div>\n\t\t\t\t\t<\/div>\n\t\t<\/div>\n\t\t\t\t\t<\/div>\n\t\t<\/section>\n\t\t\t\t<section class=\"elementor-section elementor-top-section elementor-element elementor-element-5bea8c7 elementor-section-boxed elementor-section-height-default elementor-section-height-default qodef-elementor-content-no\" data-id=\"5bea8c7\" data-element_type=\"section\" data-e-type=\"section\">\n\t\t\t\t\t\t<div class=\"elementor-container elementor-column-gap-default\">\n\t\t\t\t\t<div class=\"elementor-column elementor-col-100 elementor-top-column elementor-element elementor-element-6cb4a3b\" data-id=\"6cb4a3b\" data-element_type=\"column\" data-e-type=\"column\">\n\t\t\t<div class=\"elementor-widget-wrap elementor-element-populated\">\n\t\t\t\t\t\t<div class=\"elementor-element elementor-element-c8480b1 elementor-widget elementor-widget-text-editor\" data-id=\"c8480b1\" data-element_type=\"widget\" data-e-type=\"widget\" data-widget_type=\"text-editor.default\">\n\t\t\t\t<div class=\"elementor-widget-container\">\n\t\t\t\t\t\t\t\t\t<h2><a href=\"https:\/\/camping-moulin-de-chaules.claim.meetch.io\/travel\/fr\/signin\" target=\"_blank\" rel=\"noopener\">Faire une r\u00e9clamation<\/a><\/h2>\t\t\t\t\t\t\t\t<\/div>\n\t\t\t\t<\/div>\n\t\t\t\t\t<\/div>\n\t\t<\/div>\n\t\t\t\t\t<\/div>\n\t\t<\/section>\n\t\t\t\t<\/div>","protected":false},"excerpt":{"rendered":"<p>Faire une r\u00e9clamation<\/p>","protected":false},"author":3,"featured_media":0,"parent":0,"menu_order":0,"comment_status":"closed","ping_status":"closed","template":"page-full-width.php","meta":{"footnotes":""},"folder":[154],"class_list":["post-8990","page","type-page","status-publish","hentry"],"yoast_head":"<!-- This site is optimized with the Yoast SEO Premium plugin v27.1 (Yoast SEO v27.4) - https:\/\/yoast.com\/product\/yoast-seo-premium-wordpress\/ -->\n<title>Cancellation insurance: Prot\u00e9gez vos r\u00e9servations - Camping Moulin De Chaules<\/title>\n<meta name=\"description\" content=\"Pensez \u00e0 l&#039;assurance annulation pour une tranquillit\u00e9 d&#039;esprit lors de vos voyages. Prot\u00e9gez vos r\u00e9servations en toute s\u00e9curit\u00e9.\" \/>\n<meta name=\"robots\" content=\"index, follow, max-snippet:-1, max-image-preview:large, max-video-preview:-1\" \/>\n<link rel=\"canonical\" href=\"https:\/\/moulin-de-chaules.com\/fr\/cancellation-insurance\/\" \/>\n<meta property=\"og:locale\" content=\"fr_FR\" \/>\n<meta property=\"og:type\" content=\"article\" \/>\n<meta property=\"og:title\" content=\"Cancellation Insurance\" \/>\n<meta property=\"og:description\" content=\"Pensez \u00e0 l&#039;assurance annulation pour une tranquillit\u00e9 d&#039;esprit lors de vos voyages. Prot\u00e9gez vos r\u00e9servations en toute s\u00e9curit\u00e9.\" \/>\n<meta property=\"og:url\" content=\"https:\/\/moulin-de-chaules.com\/fr\/cancellation-insurance\/\" \/>\n<meta property=\"og:site_name\" content=\"Camping Moulin De Chaules\" \/>\n<meta property=\"article:publisher\" content=\"https:\/\/www.facebook.com\/CampingMoulinDeChaules\" \/>\n<meta property=\"article:modified_time\" content=\"2025-12-15T17:10:39+00:00\" \/>\n<meta property=\"og:image\" content=\"http:\/\/moulin-de-chaules.com\/wp-content\/uploads\/2025\/12\/Flyer-B2C-FR-724x1024.jpg\" \/>\n<meta name=\"twitter:card\" content=\"summary_large_image\" \/>\n<meta name=\"twitter:label1\" content=\"Dur\u00e9e de lecture estim\u00e9e\" \/>\n\t<meta name=\"twitter:data1\" content=\"1 minute\" \/>\n<script type=\"application\/ld+json\" class=\"yoast-schema-graph\">{\"@context\":\"https:\\\/\\\/schema.org\",\"@graph\":[{\"@type\":\"WebPage\",\"@id\":\"https:\\\/\\\/moulin-de-chaules.com\\\/en\\\/cancellation-insurance\\\/\",\"url\":\"https:\\\/\\\/moulin-de-chaules.com\\\/en\\\/cancellation-insurance\\\/\",\"name\":\"Cancellation insurance: Prot\u00e9gez vos r\u00e9servations - Camping Moulin De Chaules\",\"isPartOf\":{\"@id\":\"https:\\\/\\\/moulin-de-chaules.com\\\/en\\\/#website\"},\"primaryImageOfPage\":{\"@id\":\"https:\\\/\\\/moulin-de-chaules.com\\\/en\\\/cancellation-insurance\\\/#primaryimage\"},\"image\":{\"@id\":\"https:\\\/\\\/moulin-de-chaules.com\\\/en\\\/cancellation-insurance\\\/#primaryimage\"},\"thumbnailUrl\":\"http:\\\/\\\/moulin-de-chaules.com\\\/wp-content\\\/uploads\\\/2025\\\/12\\\/Flyer-B2C-FR-724x1024.jpg\",\"datePublished\":\"2023-11-21T15:14:07+00:00\",\"dateModified\":\"2025-12-15T17:10:39+00:00\",\"description\":\"Pensez \u00e0 l'assurance annulation pour une tranquillit\u00e9 d'esprit lors de vos voyages. Prot\u00e9gez vos r\u00e9servations en toute s\u00e9curit\u00e9.\",\"breadcrumb\":{\"@id\":\"https:\\\/\\\/moulin-de-chaules.com\\\/en\\\/cancellation-insurance\\\/#breadcrumb\"},\"inLanguage\":\"fr-FR\",\"potentialAction\":[{\"@type\":\"ReadAction\",\"target\":[\"https:\\\/\\\/moulin-de-chaules.com\\\/en\\\/cancellation-insurance\\\/\"]}]},{\"@type\":\"ImageObject\",\"inLanguage\":\"fr-FR\",\"@id\":\"https:\\\/\\\/moulin-de-chaules.com\\\/en\\\/cancellation-insurance\\\/#primaryimage\",\"url\":\"http:\\\/\\\/moulin-de-chaules.com\\\/wp-content\\\/uploads\\\/2025\\\/12\\\/Flyer-B2C-FR-724x1024.jpg\",\"contentUrl\":\"http:\\\/\\\/moulin-de-chaules.com\\\/wp-content\\\/uploads\\\/2025\\\/12\\\/Flyer-B2C-FR-724x1024.jpg\"},{\"@type\":\"BreadcrumbList\",\"@id\":\"https:\\\/\\\/moulin-de-chaules.com\\\/en\\\/cancellation-insurance\\\/#breadcrumb\",\"itemListElement\":[{\"@type\":\"ListItem\",\"position\":1,\"name\":\"Accueil\",\"item\":\"https:\\\/\\\/moulin-de-chaules.com\\\/en\\\/\"},{\"@type\":\"ListItem\",\"position\":2,\"name\":\"Cancellation Insurance\"}]},{\"@type\":\"WebSite\",\"@id\":\"https:\\\/\\\/moulin-de-chaules.com\\\/en\\\/#website\",\"url\":\"https:\\\/\\\/moulin-de-chaules.com\\\/en\\\/\",\"name\":\"Camping Moulin de Chaules\",\"description\":\"Charmant petit camping en vallee du lot\",\"publisher\":{\"@id\":\"https:\\\/\\\/moulin-de-chaules.com\\\/en\\\/#organization\"},\"alternateName\":\"Moulin de Chaules\",\"potentialAction\":[{\"@type\":\"SearchAction\",\"target\":{\"@type\":\"EntryPoint\",\"urlTemplate\":\"https:\\\/\\\/moulin-de-chaules.com\\\/en\\\/?s={search_term_string}\"},\"query-input\":{\"@type\":\"PropertyValueSpecification\",\"valueRequired\":true,\"valueName\":\"search_term_string\"}}],\"inLanguage\":\"fr-FR\"},{\"@type\":\"Organization\",\"@id\":\"https:\\\/\\\/moulin-de-chaules.com\\\/en\\\/#organization\",\"name\":\"Camping Moulin de Chaules\",\"alternateName\":\"Moulin de Chaules\",\"url\":\"https:\\\/\\\/moulin-de-chaules.com\\\/en\\\/\",\"logo\":{\"@type\":\"ImageObject\",\"inLanguage\":\"fr-FR\",\"@id\":\"https:\\\/\\\/moulin-de-chaules.com\\\/en\\\/#\\\/schema\\\/logo\\\/image\\\/\",\"url\":\"https:\\\/\\\/moulin-de-chaules.com\\\/wp-content\\\/uploads\\\/2023\\\/11\\\/logo3.png\",\"contentUrl\":\"https:\\\/\\\/moulin-de-chaules.com\\\/wp-content\\\/uploads\\\/2023\\\/11\\\/logo3.png\",\"width\":1401,\"height\":1616,\"caption\":\"Camping Moulin de Chaules\"},\"image\":{\"@id\":\"https:\\\/\\\/moulin-de-chaules.com\\\/en\\\/#\\\/schema\\\/logo\\\/image\\\/\"},\"sameAs\":[\"https:\\\/\\\/www.facebook.com\\\/CampingMoulinDeChaules\",\"https:\\\/\\\/www.instagram.com\\\/campingmoulindechaules\\\/\",\"https:\\\/\\\/fr.pinterest.com\\\/campingmoulindechaules\\\/\"]}]}<\/script>\n<!-- \/ Yoast SEO Premium plugin. -->","yoast_head_json":{"title":"Cancellation insurance: Prot\u00e9gez vos r\u00e9servations - Camping Moulin De Chaules","description":"Pensez \u00e0 l'assurance annulation pour une tranquillit\u00e9 d'esprit lors de vos voyages. Prot\u00e9gez vos r\u00e9servations en toute s\u00e9curit\u00e9.","robots":{"index":"index","follow":"follow","max-snippet":"max-snippet:-1","max-image-preview":"max-image-preview:large","max-video-preview":"max-video-preview:-1"},"canonical":"https:\/\/moulin-de-chaules.com\/fr\/cancellation-insurance\/","og_locale":"fr_FR","og_type":"article","og_title":"Cancellation Insurance","og_description":"Pensez \u00e0 l'assurance annulation pour une tranquillit\u00e9 d'esprit lors de vos voyages. Prot\u00e9gez vos r\u00e9servations en toute s\u00e9curit\u00e9.","og_url":"https:\/\/moulin-de-chaules.com\/fr\/cancellation-insurance\/","og_site_name":"Camping Moulin De Chaules","article_publisher":"https:\/\/www.facebook.com\/CampingMoulinDeChaules","article_modified_time":"2025-12-15T17:10:39+00:00","og_image":[{"url":"http:\/\/moulin-de-chaules.com\/wp-content\/uploads\/2025\/12\/Flyer-B2C-FR-724x1024.jpg","type":"","width":"","height":""}],"twitter_card":"summary_large_image","twitter_misc":{"Dur\u00e9e de lecture estim\u00e9e":"1 minute"},"schema":{"@context":"https:\/\/schema.org","@graph":[{"@type":"WebPage","@id":"https:\/\/moulin-de-chaules.com\/en\/cancellation-insurance\/","url":"https:\/\/moulin-de-chaules.com\/en\/cancellation-insurance\/","name":"Cancellation insurance: Prot\u00e9gez vos r\u00e9servations - Camping Moulin De Chaules","isPartOf":{"@id":"https:\/\/moulin-de-chaules.com\/en\/#website"},"primaryImageOfPage":{"@id":"https:\/\/moulin-de-chaules.com\/en\/cancellation-insurance\/#primaryimage"},"image":{"@id":"https:\/\/moulin-de-chaules.com\/en\/cancellation-insurance\/#primaryimage"},"thumbnailUrl":"http:\/\/moulin-de-chaules.com\/wp-content\/uploads\/2025\/12\/Flyer-B2C-FR-724x1024.jpg","datePublished":"2023-11-21T15:14:07+00:00","dateModified":"2025-12-15T17:10:39+00:00","description":"Pensez \u00e0 l'assurance annulation pour une tranquillit\u00e9 d'esprit lors de vos voyages. Prot\u00e9gez vos r\u00e9servations en toute s\u00e9curit\u00e9.","breadcrumb":{"@id":"https:\/\/moulin-de-chaules.com\/en\/cancellation-insurance\/#breadcrumb"},"inLanguage":"fr-FR","potentialAction":[{"@type":"ReadAction","target":["https:\/\/moulin-de-chaules.com\/en\/cancellation-insurance\/"]}]},{"@type":"ImageObject","inLanguage":"fr-FR","@id":"https:\/\/moulin-de-chaules.com\/en\/cancellation-insurance\/#primaryimage","url":"http:\/\/moulin-de-chaules.com\/wp-content\/uploads\/2025\/12\/Flyer-B2C-FR-724x1024.jpg","contentUrl":"http:\/\/moulin-de-chaules.com\/wp-content\/uploads\/2025\/12\/Flyer-B2C-FR-724x1024.jpg"},{"@type":"BreadcrumbList","@id":"https:\/\/moulin-de-chaules.com\/en\/cancellation-insurance\/#breadcrumb","itemListElement":[{"@type":"ListItem","position":1,"name":"Accueil","item":"https:\/\/moulin-de-chaules.com\/en\/"},{"@type":"ListItem","position":2,"name":"Cancellation Insurance"}]},{"@type":"WebSite","@id":"https:\/\/moulin-de-chaules.com\/en\/#website","url":"https:\/\/moulin-de-chaules.com\/en\/","name":"Camping Moulin de Chaules","description":"Charmant petit camping en vallee du lot","publisher":{"@id":"https:\/\/moulin-de-chaules.com\/en\/#organization"},"alternateName":"Moulin de Chaules","potentialAction":[{"@type":"SearchAction","target":{"@type":"EntryPoint","urlTemplate":"https:\/\/moulin-de-chaules.com\/en\/?s={search_term_string}"},"query-input":{"@type":"PropertyValueSpecification","valueRequired":true,"valueName":"search_term_string"}}],"inLanguage":"fr-FR"},{"@type":"Organization","@id":"https:\/\/moulin-de-chaules.com\/en\/#organization","name":"Camping Moulin de Chaules","alternateName":"Moulin de Chaules","url":"https:\/\/moulin-de-chaules.com\/en\/","logo":{"@type":"ImageObject","inLanguage":"fr-FR","@id":"https:\/\/moulin-de-chaules.com\/en\/#\/schema\/logo\/image\/","url":"https:\/\/moulin-de-chaules.com\/wp-content\/uploads\/2023\/11\/logo3.png","contentUrl":"https:\/\/moulin-de-chaules.com\/wp-content\/uploads\/2023\/11\/logo3.png","width":1401,"height":1616,"caption":"Camping Moulin de Chaules"},"image":{"@id":"https:\/\/moulin-de-chaules.com\/en\/#\/schema\/logo\/image\/"},"sameAs":["https:\/\/www.facebook.com\/CampingMoulinDeChaules","https:\/\/www.instagram.com\/campingmoulindechaules\/","https:\/\/fr.pinterest.com\/campingmoulindechaules\/"]}]}},"_links":{"self":[{"href":"https:\/\/moulin-de-chaules.com\/fr\/wp-json\/wp\/v2\/pages\/8990","targetHints":{"allow":["GET"]}}],"collection":[{"href":"https:\/\/moulin-de-chaules.com\/fr\/wp-json\/wp\/v2\/pages"}],"about":[{"href":"https:\/\/moulin-de-chaules.com\/fr\/wp-json\/wp\/v2\/types\/page"}],"author":[{"embeddable":true,"href":"https:\/\/moulin-de-chaules.com\/fr\/wp-json\/wp\/v2\/users\/3"}],"replies":[{"embeddable":true,"href":"https:\/\/moulin-de-chaules.com\/fr\/wp-json\/wp\/v2\/comments?post=8990"}],"version-history":[{"count":68,"href":"https:\/\/moulin-de-chaules.com\/fr\/wp-json\/wp\/v2\/pages\/8990\/revisions"}],"predecessor-version":[{"id":11027,"href":"https:\/\/moulin-de-chaules.com\/fr\/wp-json\/wp\/v2\/pages\/8990\/revisions\/11027"}],"wp:attachment":[{"href":"https:\/\/moulin-de-chaules.com\/fr\/wp-json\/wp\/v2\/media?parent=8990"}],"wp:term":[{"taxonomy":"folder","embeddable":true,"href":"https:\/\/moulin-de-chaules.com\/fr\/wp-json\/wp\/v2\/folder?post=8990"}],"curies":[{"name":"wp","href":"https:\/\/api.w.org\/{rel}","templated":true}]}}