{"id":8986,"date":"2023-11-21T16:12:12","date_gmt":"2023-11-21T15:12:12","guid":{"rendered":"https:\/\/localhost\/mdcfromprod\/?page_id=8986"},"modified":"2025-12-15T18:18:11","modified_gmt":"2025-12-15T17:18:11","slug":"rgpd","status":"publish","type":"page","link":"https:\/\/moulin-de-chaules.com\/fr\/rgpd\/","title":{"rendered":"Protection des donn\u00e9es personelles"},"content":{"rendered":"<div data-elementor-type=\"wp-page\" data-elementor-id=\"8986\" class=\"elementor elementor-8986\">\n\t\t\t\t\t\t<section class=\"elementor-section elementor-top-section elementor-element elementor-element-2867405 elementor-section-boxed elementor-section-height-default elementor-section-height-default qodef-elementor-content-no\" data-id=\"2867405\" data-element_type=\"section\" data-e-type=\"section\">\n\t\t\t\t\t\t<div class=\"elementor-container elementor-column-gap-default\">\n\t\t\t\t\t<div class=\"elementor-column elementor-col-100 elementor-top-column elementor-element elementor-element-4c0f23a\" data-id=\"4c0f23a\" data-element_type=\"column\" data-e-type=\"column\">\n\t\t\t<div class=\"elementor-widget-wrap elementor-element-populated\">\n\t\t\t\t\t\t<div class=\"elementor-element elementor-element-e8fe586 elementor-widget elementor-widget-text-editor\" data-id=\"e8fe586\" data-element_type=\"widget\" data-e-type=\"widget\" data-widget_type=\"text-editor.default\">\n\t\t\t\t<div class=\"elementor-widget-container\">\n\t\t\t\t\t\t\t\t\t<h2>PROTECTION DES DONN\u00c9ES PERSONNELLES (Loi RGPD de 20 Juin 2018)<\/h2>\n<p>Les donn\u00e9es personnelles (nom, adresse, num\u00e9ro de t\u00e9l\u00e9phone et adresse email) que les h\u00f4tes donnent au propri\u00e9taire du&nbsp; Camping Moulin de Chaules, ne sont partag\u00e9es avec personne (sauf obligations l\u00e9gales). Elles ne sont qu&#8217;utilis\u00e9es pour la r\u00e9servation, le contact avec les h\u00f4tes et pour la facture.<\/p>\n<p>A la r\u00e9servation les h\u00f4tes donnent leur accord \u00e0 l&#8217;enregistrement de leurs donn\u00e9es personnelles dans l&#8217;administration de Camping Moulin de Chaules.<\/p>\n<p>Apr\u00e8s le s\u00e9jour les h\u00f4tes ont en tout temps le droit de demander au propri\u00e9taire de Camping Moulin de chaules d&#8217;enlever d\u00e9finitivement leurs donn\u00e9es personnelles de l&#8217;administration de Camping Moulin de Chaules.<\/p>\n<p>Liens hypertexte et utilisations des cookies<\/p>\n<p>Nous n\u2019utilisons les cookies sur ce site.<\/p>\n<p>Le site www.moulin-de-chaules.com contient un certain nombre de liens hypertextes vers d\u2019autres sites, mis en place avec l\u2019autorisation du Camping Moulin de chaules.<\/p>\n<p>Cependant, le Camping Moulin de Chaules n\u2019a pas la possibilit\u00e9 de v\u00e9rifier le contenu des sites ainsi visit\u00e9s, et n\u2019assumera en cons\u00e9quence aucune responsabilit\u00e9 de ce fait.<\/p>\n<p>REGISTRE DES TRAITEMENTS<\/p>\n<h5>1. Propri\u00e9taire et responsable des traitements<\/h5>\n<p>LHOUMEAU CHRISTOPHE<\/p>\n<p>Camping Moulin de Chaules<\/p>\n<p>1 Chaules<\/p>\n<p>15600 SAINT CONSTANT FOURNOULES<\/p>\n<p>T\u00e9l\u00e9phone : 04 71 49 11 02<\/p>\n<p>Email : camping@moulin-de-chaules.com<\/p>\n<h5>2. But des traitements de donn\u00e9es<\/h5>\n<p>Mettre \u00e0 jour le calendrier<\/p>\n<p>Contact<\/p>\n<p>Facturation et<\/p>\n<p>Fiche de police<\/p>\n<h5>3. Cat\u00e9gorie de personnes<\/h5>\n<p>Visiteurs cherchant \u00e0 r\u00e9server un emplacement ou un h\u00e9bergement pour une ou plusieurs nuits.<\/p>\n<h5>4. Cat\u00e9gorie de donn\u00e9es<\/h5>\n<p>Nom, adresse, num\u00e9ro de t\u00e9l\u00e9phone, adresse email, date d&#8217;arriv\u00e9, date de d\u00e9part, nombre et identit\u00e9 et date de naissance des h\u00f4tes, \u00e9quipements de s\u00e9jour.<\/p>\n<h5>5. Les donn\u00e9es<\/h5>\n<p>Les donn\u00e9es ne sont partag\u00e9es avec personne (sauf obligations l\u00e9gales) et seront gard\u00e9es pendant le temps exig\u00e9 par la loi.<\/p>\n<h5>6. Mesures de s\u00e9curit\u00e9<\/h5>\n<p>Les donn\u00e9es sont enregistr\u00e9es dans un logiciel d&#8217;administration s\u00e9curis\u00e9 par cl\u00e9 d&#8217;authentification.<\/p>\t\t\t\t\t\t\t\t<\/div>\n\t\t\t\t<\/div>\n\t\t\t\t\t<\/div>\n\t\t<\/div>\n\t\t\t\t\t<\/div>\n\t\t<\/section>\n\t\t\t\t<\/div>","protected":false},"excerpt":{"rendered":"<p>PROTECTION DES DONN\u00c9ES PERSONNELLES (Loi RGPD de 20 Juin 2018) Les donn\u00e9es personnelles (nom, adresse, num\u00e9ro de t\u00e9l\u00e9phone et adresse email) que les h\u00f4tes donnent au propri\u00e9taire du&nbsp; Camping Moulin de Chaules, ne sont partag\u00e9es avec personne (sauf obligations l\u00e9gales). Elles ne sont qu&#8217;utilis\u00e9es pour la r\u00e9servation, le contact avec les h\u00f4tes et pour la [&hellip;]<\/p>\n","protected":false},"author":3,"featured_media":0,"parent":0,"menu_order":0,"comment_status":"closed","ping_status":"closed","template":"page-full-width.php","meta":{"footnotes":""},"folder":[154],"class_list":["post-8986","page","type-page","status-publish","hentry"],"yoast_head":"<!-- This site is optimized with the Yoast SEO Premium plugin v27.1 (Yoast SEO v27.4) - https:\/\/yoast.com\/product\/yoast-seo-premium-wordpress\/ -->\n<title>RGPD : Vos donn\u00e9es au Camping Moulin de Chaules - Camping Moulin De Chaules<\/title>\n<meta name=\"description\" content=\"Le Camping Moulin de Chaules respecte le RGPD. Apprenez comment vos donn\u00e9es personnelles sont trait\u00e9es avec s\u00e9curit\u00e9.\" \/>\n<meta name=\"robots\" content=\"index, follow, max-snippet:-1, max-image-preview:large, max-video-preview:-1\" \/>\n<link rel=\"canonical\" href=\"https:\/\/moulin-de-chaules.com\/fr\/rgpd\/\" \/>\n<meta property=\"og:locale\" content=\"fr_FR\" \/>\n<meta property=\"og:type\" content=\"article\" \/>\n<meta property=\"og:title\" content=\"Personal datas protection\" \/>\n<meta property=\"og:description\" content=\"Le Camping Moulin de Chaules respecte le RGPD. Apprenez comment vos donn\u00e9es personnelles sont trait\u00e9es avec s\u00e9curit\u00e9.\" \/>\n<meta property=\"og:url\" content=\"https:\/\/moulin-de-chaules.com\/fr\/rgpd\/\" \/>\n<meta property=\"og:site_name\" content=\"Camping Moulin De Chaules\" \/>\n<meta property=\"article:publisher\" content=\"https:\/\/www.facebook.com\/CampingMoulinDeChaules\" \/>\n<meta property=\"article:modified_time\" content=\"2025-12-15T17:18:11+00:00\" \/>\n<meta property=\"og:image\" content=\"https:\/\/moulin-de-chaules.com\/wp-content\/uploads\/2023\/09\/cropped-logo-1.webp\" \/>\n\t<meta property=\"og:image:width\" content=\"512\" \/>\n\t<meta property=\"og:image:height\" content=\"512\" \/>\n\t<meta property=\"og:image:type\" content=\"image\/webp\" \/>\n<meta name=\"twitter:card\" content=\"summary_large_image\" \/>\n<meta name=\"twitter:label1\" content=\"Dur\u00e9e de lecture estim\u00e9e\" \/>\n\t<meta name=\"twitter:data1\" content=\"2 minutes\" \/>\n<script type=\"application\/ld+json\" class=\"yoast-schema-graph\">{\"@context\":\"https:\\\/\\\/schema.org\",\"@graph\":[{\"@type\":\"WebPage\",\"@id\":\"https:\\\/\\\/moulin-de-chaules.com\\\/nl\\\/rgpd\\\/\",\"url\":\"https:\\\/\\\/moulin-de-chaules.com\\\/nl\\\/rgpd\\\/\",\"name\":\"RGPD : Vos donn\u00e9es au Camping Moulin de Chaules - Camping Moulin De Chaules\",\"isPartOf\":{\"@id\":\"https:\\\/\\\/moulin-de-chaules.com\\\/en\\\/#website\"},\"datePublished\":\"2023-11-21T15:12:12+00:00\",\"dateModified\":\"2025-12-15T17:18:11+00:00\",\"description\":\"Le Camping Moulin de Chaules respecte le RGPD. Apprenez comment vos donn\u00e9es personnelles sont trait\u00e9es avec s\u00e9curit\u00e9.\",\"breadcrumb\":{\"@id\":\"https:\\\/\\\/moulin-de-chaules.com\\\/nl\\\/rgpd\\\/#breadcrumb\"},\"inLanguage\":\"fr-FR\",\"potentialAction\":[{\"@type\":\"ReadAction\",\"target\":[\"https:\\\/\\\/moulin-de-chaules.com\\\/nl\\\/rgpd\\\/\"]}]},{\"@type\":\"BreadcrumbList\",\"@id\":\"https:\\\/\\\/moulin-de-chaules.com\\\/nl\\\/rgpd\\\/#breadcrumb\",\"itemListElement\":[{\"@type\":\"ListItem\",\"position\":1,\"name\":\"Accueil\",\"item\":\"https:\\\/\\\/moulin-de-chaules.com\\\/en\\\/\"},{\"@type\":\"ListItem\",\"position\":2,\"name\":\"Personal datas protection\"}]},{\"@type\":\"WebSite\",\"@id\":\"https:\\\/\\\/moulin-de-chaules.com\\\/en\\\/#website\",\"url\":\"https:\\\/\\\/moulin-de-chaules.com\\\/en\\\/\",\"name\":\"Camping Moulin de Chaules\",\"description\":\"Charmant petit camping en vallee du lot\",\"publisher\":{\"@id\":\"https:\\\/\\\/moulin-de-chaules.com\\\/en\\\/#organization\"},\"alternateName\":\"Moulin de Chaules\",\"potentialAction\":[{\"@type\":\"SearchAction\",\"target\":{\"@type\":\"EntryPoint\",\"urlTemplate\":\"https:\\\/\\\/moulin-de-chaules.com\\\/en\\\/?s={search_term_string}\"},\"query-input\":{\"@type\":\"PropertyValueSpecification\",\"valueRequired\":true,\"valueName\":\"search_term_string\"}}],\"inLanguage\":\"fr-FR\"},{\"@type\":\"Organization\",\"@id\":\"https:\\\/\\\/moulin-de-chaules.com\\\/en\\\/#organization\",\"name\":\"Camping Moulin de Chaules\",\"alternateName\":\"Moulin de Chaules\",\"url\":\"https:\\\/\\\/moulin-de-chaules.com\\\/en\\\/\",\"logo\":{\"@type\":\"ImageObject\",\"inLanguage\":\"fr-FR\",\"@id\":\"https:\\\/\\\/moulin-de-chaules.com\\\/en\\\/#\\\/schema\\\/logo\\\/image\\\/\",\"url\":\"https:\\\/\\\/moulin-de-chaules.com\\\/wp-content\\\/uploads\\\/2023\\\/11\\\/logo3.png\",\"contentUrl\":\"https:\\\/\\\/moulin-de-chaules.com\\\/wp-content\\\/uploads\\\/2023\\\/11\\\/logo3.png\",\"width\":1401,\"height\":1616,\"caption\":\"Camping Moulin de Chaules\"},\"image\":{\"@id\":\"https:\\\/\\\/moulin-de-chaules.com\\\/en\\\/#\\\/schema\\\/logo\\\/image\\\/\"},\"sameAs\":[\"https:\\\/\\\/www.facebook.com\\\/CampingMoulinDeChaules\",\"https:\\\/\\\/www.instagram.com\\\/campingmoulindechaules\\\/\",\"https:\\\/\\\/fr.pinterest.com\\\/campingmoulindechaules\\\/\"]}]}<\/script>\n<!-- \/ Yoast SEO Premium plugin. -->","yoast_head_json":{"title":"RGPD : Vos donn\u00e9es au Camping Moulin de Chaules - Camping Moulin De Chaules","description":"Le Camping Moulin de Chaules respecte le RGPD. Apprenez comment vos donn\u00e9es personnelles sont trait\u00e9es avec s\u00e9curit\u00e9.","robots":{"index":"index","follow":"follow","max-snippet":"max-snippet:-1","max-image-preview":"max-image-preview:large","max-video-preview":"max-video-preview:-1"},"canonical":"https:\/\/moulin-de-chaules.com\/fr\/rgpd\/","og_locale":"fr_FR","og_type":"article","og_title":"Personal datas protection","og_description":"Le Camping Moulin de Chaules respecte le RGPD. Apprenez comment vos donn\u00e9es personnelles sont trait\u00e9es avec s\u00e9curit\u00e9.","og_url":"https:\/\/moulin-de-chaules.com\/fr\/rgpd\/","og_site_name":"Camping Moulin De Chaules","article_publisher":"https:\/\/www.facebook.com\/CampingMoulinDeChaules","article_modified_time":"2025-12-15T17:18:11+00:00","og_image":[{"width":512,"height":512,"url":"https:\/\/moulin-de-chaules.com\/wp-content\/uploads\/2023\/09\/cropped-logo-1.webp","type":"image\/webp"}],"twitter_card":"summary_large_image","twitter_misc":{"Dur\u00e9e de lecture estim\u00e9e":"2 minutes"},"schema":{"@context":"https:\/\/schema.org","@graph":[{"@type":"WebPage","@id":"https:\/\/moulin-de-chaules.com\/nl\/rgpd\/","url":"https:\/\/moulin-de-chaules.com\/nl\/rgpd\/","name":"RGPD : Vos donn\u00e9es au Camping Moulin de Chaules - Camping Moulin De Chaules","isPartOf":{"@id":"https:\/\/moulin-de-chaules.com\/en\/#website"},"datePublished":"2023-11-21T15:12:12+00:00","dateModified":"2025-12-15T17:18:11+00:00","description":"Le Camping Moulin de Chaules respecte le RGPD. Apprenez comment vos donn\u00e9es personnelles sont trait\u00e9es avec s\u00e9curit\u00e9.","breadcrumb":{"@id":"https:\/\/moulin-de-chaules.com\/nl\/rgpd\/#breadcrumb"},"inLanguage":"fr-FR","potentialAction":[{"@type":"ReadAction","target":["https:\/\/moulin-de-chaules.com\/nl\/rgpd\/"]}]},{"@type":"BreadcrumbList","@id":"https:\/\/moulin-de-chaules.com\/nl\/rgpd\/#breadcrumb","itemListElement":[{"@type":"ListItem","position":1,"name":"Accueil","item":"https:\/\/moulin-de-chaules.com\/en\/"},{"@type":"ListItem","position":2,"name":"Personal datas protection"}]},{"@type":"WebSite","@id":"https:\/\/moulin-de-chaules.com\/en\/#website","url":"https:\/\/moulin-de-chaules.com\/en\/","name":"Camping Moulin de Chaules","description":"Charmant petit camping en vallee du lot","publisher":{"@id":"https:\/\/moulin-de-chaules.com\/en\/#organization"},"alternateName":"Moulin de Chaules","potentialAction":[{"@type":"SearchAction","target":{"@type":"EntryPoint","urlTemplate":"https:\/\/moulin-de-chaules.com\/en\/?s={search_term_string}"},"query-input":{"@type":"PropertyValueSpecification","valueRequired":true,"valueName":"search_term_string"}}],"inLanguage":"fr-FR"},{"@type":"Organization","@id":"https:\/\/moulin-de-chaules.com\/en\/#organization","name":"Camping Moulin de Chaules","alternateName":"Moulin de Chaules","url":"https:\/\/moulin-de-chaules.com\/en\/","logo":{"@type":"ImageObject","inLanguage":"fr-FR","@id":"https:\/\/moulin-de-chaules.com\/en\/#\/schema\/logo\/image\/","url":"https:\/\/moulin-de-chaules.com\/wp-content\/uploads\/2023\/11\/logo3.png","contentUrl":"https:\/\/moulin-de-chaules.com\/wp-content\/uploads\/2023\/11\/logo3.png","width":1401,"height":1616,"caption":"Camping Moulin de Chaules"},"image":{"@id":"https:\/\/moulin-de-chaules.com\/en\/#\/schema\/logo\/image\/"},"sameAs":["https:\/\/www.facebook.com\/CampingMoulinDeChaules","https:\/\/www.instagram.com\/campingmoulindechaules\/","https:\/\/fr.pinterest.com\/campingmoulindechaules\/"]}]}},"_links":{"self":[{"href":"https:\/\/moulin-de-chaules.com\/fr\/wp-json\/wp\/v2\/pages\/8986","targetHints":{"allow":["GET"]}}],"collection":[{"href":"https:\/\/moulin-de-chaules.com\/fr\/wp-json\/wp\/v2\/pages"}],"about":[{"href":"https:\/\/moulin-de-chaules.com\/fr\/wp-json\/wp\/v2\/types\/page"}],"author":[{"embeddable":true,"href":"https:\/\/moulin-de-chaules.com\/fr\/wp-json\/wp\/v2\/users\/3"}],"replies":[{"embeddable":true,"href":"https:\/\/moulin-de-chaules.com\/fr\/wp-json\/wp\/v2\/comments?post=8986"}],"version-history":[{"count":20,"href":"https:\/\/moulin-de-chaules.com\/fr\/wp-json\/wp\/v2\/pages\/8986\/revisions"}],"predecessor-version":[{"id":10978,"href":"https:\/\/moulin-de-chaules.com\/fr\/wp-json\/wp\/v2\/pages\/8986\/revisions\/10978"}],"wp:attachment":[{"href":"https:\/\/moulin-de-chaules.com\/fr\/wp-json\/wp\/v2\/media?parent=8986"}],"wp:term":[{"taxonomy":"folder","embeddable":true,"href":"https:\/\/moulin-de-chaules.com\/fr\/wp-json\/wp\/v2\/folder?post=8986"}],"curies":[{"name":"wp","href":"https:\/\/api.w.org\/{rel}","templated":true}]}}