{"id":8161,"date":"2023-11-13T14:16:02","date_gmt":"2023-11-13T13:16:02","guid":{"rendered":"https:\/\/localhost\/mdc\/?page_id=8161"},"modified":"2025-12-15T20:53:54","modified_gmt":"2025-12-15T19:53:54","slug":"the-map","status":"publish","type":"page","link":"https:\/\/moulin-de-chaules.com\/fr\/the-map\/","title":{"rendered":"Le Plan"},"content":{"rendered":"<div data-elementor-type=\"wp-page\" data-elementor-id=\"8161\" class=\"elementor elementor-8161\">\n\t\t\t\t\t\t<section class=\"elementor-section elementor-top-section elementor-element elementor-element-df7b1bb elementor-section-boxed elementor-section-height-default elementor-section-height-default qodef-elementor-content-no\" data-id=\"df7b1bb\" data-element_type=\"section\" data-e-type=\"section\">\n\t\t\t\t\t\t<div class=\"elementor-container elementor-column-gap-default\">\n\t\t\t\t\t<div class=\"elementor-column elementor-col-100 elementor-top-column elementor-element elementor-element-083b24b\" data-id=\"083b24b\" data-element_type=\"column\" data-e-type=\"column\">\n\t\t\t<div class=\"elementor-widget-wrap elementor-element-populated\">\n\t\t\t\t\t\t<div class=\"elementor-element elementor-element-7a4813f elementor-widget elementor-widget-image\" data-id=\"7a4813f\" data-element_type=\"widget\" data-e-type=\"widget\" data-widget_type=\"image.default\">\n\t\t\t\t<div class=\"elementor-widget-container\">\n\t\t\t\t\t\t\t\t\t\t\t\t\t\t\t<img fetchpriority=\"high\" decoding=\"async\" width=\"1024\" height=\"826\" src=\"https:\/\/moulin-de-chaules.com\/wp-content\/uploads\/2023\/11\/plan-camping-web-1024x826.png?ver=1730490013\" class=\"attachment-large size-large wp-image-8719\" alt=\"\" srcset=\"https:\/\/moulin-de-chaules.com\/wp-content\/uploads\/2023\/11\/plan-camping-web-1024x826.png 1024w, https:\/\/moulin-de-chaules.com\/wp-content\/uploads\/2023\/11\/plan-camping-web-300x242.png 300w, https:\/\/moulin-de-chaules.com\/wp-content\/uploads\/2023\/11\/plan-camping-web-768x620.png 768w, https:\/\/moulin-de-chaules.com\/wp-content\/uploads\/2023\/11\/plan-camping-web-15x12.png 15w, https:\/\/moulin-de-chaules.com\/wp-content\/uploads\/2023\/11\/plan-camping-web.png 1223w\" sizes=\"(max-width: 1024px) 100vw, 1024px\" \/>\t\t\t\t\t\t\t\t\t\t\t\t\t\t\t<\/div>\n\t\t\t\t<\/div>\n\t\t\t\t\t<\/div>\n\t\t<\/div>\n\t\t\t\t\t<\/div>\n\t\t<\/section>\n\t\t\t\t<section class=\"elementor-section elementor-top-section elementor-element elementor-element-2867405 elementor-section-boxed elementor-section-height-default elementor-section-height-default qodef-elementor-content-no\" data-id=\"2867405\" data-element_type=\"section\" data-e-type=\"section\">\n\t\t\t\t\t\t<div class=\"elementor-container elementor-column-gap-default\">\n\t\t\t\t\t<div class=\"elementor-column elementor-col-100 elementor-top-column elementor-element elementor-element-4c0f23a\" data-id=\"4c0f23a\" data-element_type=\"column\" data-e-type=\"column\">\n\t\t\t<div class=\"elementor-widget-wrap elementor-element-populated\">\n\t\t\t\t\t\t<div class=\"elementor-element elementor-element-e8fe586 elementor-widget elementor-widget-text-editor\" data-id=\"e8fe586\" data-element_type=\"widget\" data-e-type=\"widget\" data-widget_type=\"text-editor.default\">\n\t\t\t\t<div class=\"elementor-widget-container\">\n\t\t\t\t\t\t\t\t\t<p>Ce plan n'est pas contractuel<\/p>\t\t\t\t\t\t\t\t<\/div>\n\t\t\t\t<\/div>\n\t\t\t\t\t<\/div>\n\t\t<\/div>\n\t\t\t\t\t<\/div>\n\t\t<\/section>\n\t\t\t\t<\/div>","protected":false},"excerpt":{"rendered":"<p>Ce plan n'est pas contractuel<\/p>","protected":false},"author":3,"featured_media":0,"parent":0,"menu_order":0,"comment_status":"closed","ping_status":"closed","template":"page-full-width.php","meta":{"footnotes":""},"folder":[95],"class_list":["post-8161","page","type-page","status-publish","hentry"],"yoast_head":"<!-- This site is optimized with the Yoast SEO Premium plugin v27.1 (Yoast SEO v27.4) - https:\/\/yoast.com\/product\/yoast-seo-premium-wordpress\/ -->\n<title>Map : Un aper\u00e7u du plan du camping<\/title>\n<meta name=\"description\" content=\"Acc\u00e9dez \u00e0 notre carte pour un aper\u00e7u visuel du camping. Ce plan est non contractuel pour votre confort.\" \/>\n<meta name=\"robots\" content=\"index, follow, max-snippet:-1, max-image-preview:large, max-video-preview:-1\" \/>\n<link rel=\"canonical\" href=\"http:\/\/moulin-de-chaules.com\/fr\/the-map\/\" \/>\n<meta property=\"og:locale\" content=\"fr_FR\" \/>\n<meta property=\"og:type\" content=\"article\" \/>\n<meta property=\"og:title\" content=\"Map\" \/>\n<meta property=\"og:description\" content=\"Acc\u00e9dez \u00e0 notre carte pour un aper\u00e7u visuel du camping. Ce plan est non contractuel pour votre confort.\" \/>\n<meta property=\"og:url\" content=\"http:\/\/moulin-de-chaules.com\/fr\/the-map\/\" \/>\n<meta property=\"og:site_name\" content=\"Camping Moulin De Chaules\" \/>\n<meta property=\"article:publisher\" content=\"https:\/\/www.facebook.com\/CampingMoulinDeChaules\" \/>\n<meta property=\"article:modified_time\" content=\"2025-12-15T19:53:54+00:00\" \/>\n<meta property=\"og:image\" content=\"https:\/\/moulin-de-chaules.com\/wp-content\/uploads\/2023\/11\/plan-camping-web.png\" \/>\n<meta name=\"twitter:card\" content=\"summary_large_image\" \/>\n<meta name=\"twitter:label1\" content=\"Dur\u00e9e de lecture estim\u00e9e\" \/>\n\t<meta name=\"twitter:data1\" content=\"1 minute\" \/>\n<script type=\"application\/ld+json\" class=\"yoast-schema-graph\">{\"@context\":\"https:\\\/\\\/schema.org\",\"@graph\":[{\"@type\":\"WebPage\",\"@id\":\"http:\\\/\\\/moulin-de-chaules.com\\\/nl\\\/the-map\\\/\",\"url\":\"http:\\\/\\\/moulin-de-chaules.com\\\/nl\\\/the-map\\\/\",\"name\":\"Map : Un aper\u00e7u du plan du camping\",\"isPartOf\":{\"@id\":\"https:\\\/\\\/moulin-de-chaules.com\\\/nl\\\/#website\"},\"primaryImageOfPage\":{\"@id\":\"http:\\\/\\\/moulin-de-chaules.com\\\/nl\\\/the-map\\\/#primaryimage\"},\"image\":{\"@id\":\"http:\\\/\\\/moulin-de-chaules.com\\\/nl\\\/the-map\\\/#primaryimage\"},\"thumbnailUrl\":\"https:\\\/\\\/moulin-de-chaules.com\\\/wp-content\\\/uploads\\\/2023\\\/11\\\/plan-camping-web.png\",\"datePublished\":\"2023-11-13T13:16:02+00:00\",\"dateModified\":\"2025-12-15T19:53:54+00:00\",\"description\":\"Acc\u00e9dez \u00e0 notre carte pour un aper\u00e7u visuel du camping. Ce plan est non contractuel pour votre confort.\",\"breadcrumb\":{\"@id\":\"http:\\\/\\\/moulin-de-chaules.com\\\/nl\\\/the-map\\\/#breadcrumb\"},\"inLanguage\":\"fr-FR\",\"potentialAction\":[{\"@type\":\"ReadAction\",\"target\":[\"http:\\\/\\\/moulin-de-chaules.com\\\/nl\\\/the-map\\\/\"]}]},{\"@type\":\"ImageObject\",\"inLanguage\":\"fr-FR\",\"@id\":\"http:\\\/\\\/moulin-de-chaules.com\\\/nl\\\/the-map\\\/#primaryimage\",\"url\":\"https:\\\/\\\/moulin-de-chaules.com\\\/wp-content\\\/uploads\\\/2023\\\/11\\\/plan-camping-web.png\",\"contentUrl\":\"https:\\\/\\\/moulin-de-chaules.com\\\/wp-content\\\/uploads\\\/2023\\\/11\\\/plan-camping-web.png\"},{\"@type\":\"BreadcrumbList\",\"@id\":\"http:\\\/\\\/moulin-de-chaules.com\\\/nl\\\/the-map\\\/#breadcrumb\",\"itemListElement\":[{\"@type\":\"ListItem\",\"position\":1,\"name\":\"Accueil\",\"item\":\"https:\\\/\\\/moulin-de-chaules.com\\\/nl\\\/\"},{\"@type\":\"ListItem\",\"position\":2,\"name\":\"Map\"}]},{\"@type\":\"WebSite\",\"@id\":\"https:\\\/\\\/moulin-de-chaules.com\\\/nl\\\/#website\",\"url\":\"https:\\\/\\\/moulin-de-chaules.com\\\/nl\\\/\",\"name\":\"Camping Moulin de Chaules\",\"description\":\"Charmant petit camping en vallee du lot\",\"publisher\":{\"@id\":\"https:\\\/\\\/moulin-de-chaules.com\\\/nl\\\/#organization\"},\"alternateName\":\"Moulin de Chaules\",\"potentialAction\":[{\"@type\":\"SearchAction\",\"target\":{\"@type\":\"EntryPoint\",\"urlTemplate\":\"https:\\\/\\\/moulin-de-chaules.com\\\/nl\\\/?s={search_term_string}\"},\"query-input\":{\"@type\":\"PropertyValueSpecification\",\"valueRequired\":true,\"valueName\":\"search_term_string\"}}],\"inLanguage\":\"fr-FR\"},{\"@type\":\"Organization\",\"@id\":\"https:\\\/\\\/moulin-de-chaules.com\\\/nl\\\/#organization\",\"name\":\"Camping Moulin de Chaules\",\"alternateName\":\"Moulin de Chaules\",\"url\":\"https:\\\/\\\/moulin-de-chaules.com\\\/nl\\\/\",\"logo\":{\"@type\":\"ImageObject\",\"inLanguage\":\"fr-FR\",\"@id\":\"https:\\\/\\\/moulin-de-chaules.com\\\/nl\\\/#\\\/schema\\\/logo\\\/image\\\/\",\"url\":\"https:\\\/\\\/moulin-de-chaules.com\\\/wp-content\\\/uploads\\\/2023\\\/11\\\/logo3.png\",\"contentUrl\":\"https:\\\/\\\/moulin-de-chaules.com\\\/wp-content\\\/uploads\\\/2023\\\/11\\\/logo3.png\",\"width\":1401,\"height\":1616,\"caption\":\"Camping Moulin de Chaules\"},\"image\":{\"@id\":\"https:\\\/\\\/moulin-de-chaules.com\\\/nl\\\/#\\\/schema\\\/logo\\\/image\\\/\"},\"sameAs\":[\"https:\\\/\\\/www.facebook.com\\\/CampingMoulinDeChaules\",\"https:\\\/\\\/www.instagram.com\\\/campingmoulindechaules\\\/\",\"https:\\\/\\\/fr.pinterest.com\\\/campingmoulindechaules\\\/\"]}]}<\/script>\n<!-- \/ Yoast SEO Premium plugin. -->","yoast_head_json":{"title":"Map : Un aper\u00e7u du plan du camping","description":"Acc\u00e9dez \u00e0 notre carte pour un aper\u00e7u visuel du camping. Ce plan est non contractuel pour votre confort.","robots":{"index":"index","follow":"follow","max-snippet":"max-snippet:-1","max-image-preview":"max-image-preview:large","max-video-preview":"max-video-preview:-1"},"canonical":"http:\/\/moulin-de-chaules.com\/fr\/the-map\/","og_locale":"fr_FR","og_type":"article","og_title":"Map","og_description":"Acc\u00e9dez \u00e0 notre carte pour un aper\u00e7u visuel du camping. Ce plan est non contractuel pour votre confort.","og_url":"http:\/\/moulin-de-chaules.com\/fr\/the-map\/","og_site_name":"Camping Moulin De Chaules","article_publisher":"https:\/\/www.facebook.com\/CampingMoulinDeChaules","article_modified_time":"2025-12-15T19:53:54+00:00","og_image":[{"url":"https:\/\/moulin-de-chaules.com\/wp-content\/uploads\/2023\/11\/plan-camping-web.png","type":"","width":"","height":""}],"twitter_card":"summary_large_image","twitter_misc":{"Dur\u00e9e de lecture estim\u00e9e":"1 minute"},"schema":{"@context":"https:\/\/schema.org","@graph":[{"@type":"WebPage","@id":"http:\/\/moulin-de-chaules.com\/nl\/the-map\/","url":"http:\/\/moulin-de-chaules.com\/nl\/the-map\/","name":"Map : Un aper\u00e7u du plan du camping","isPartOf":{"@id":"https:\/\/moulin-de-chaules.com\/nl\/#website"},"primaryImageOfPage":{"@id":"http:\/\/moulin-de-chaules.com\/nl\/the-map\/#primaryimage"},"image":{"@id":"http:\/\/moulin-de-chaules.com\/nl\/the-map\/#primaryimage"},"thumbnailUrl":"https:\/\/moulin-de-chaules.com\/wp-content\/uploads\/2023\/11\/plan-camping-web.png","datePublished":"2023-11-13T13:16:02+00:00","dateModified":"2025-12-15T19:53:54+00:00","description":"Acc\u00e9dez \u00e0 notre carte pour un aper\u00e7u visuel du camping. Ce plan est non contractuel pour votre confort.","breadcrumb":{"@id":"http:\/\/moulin-de-chaules.com\/nl\/the-map\/#breadcrumb"},"inLanguage":"fr-FR","potentialAction":[{"@type":"ReadAction","target":["http:\/\/moulin-de-chaules.com\/nl\/the-map\/"]}]},{"@type":"ImageObject","inLanguage":"fr-FR","@id":"http:\/\/moulin-de-chaules.com\/nl\/the-map\/#primaryimage","url":"https:\/\/moulin-de-chaules.com\/wp-content\/uploads\/2023\/11\/plan-camping-web.png","contentUrl":"https:\/\/moulin-de-chaules.com\/wp-content\/uploads\/2023\/11\/plan-camping-web.png"},{"@type":"BreadcrumbList","@id":"http:\/\/moulin-de-chaules.com\/nl\/the-map\/#breadcrumb","itemListElement":[{"@type":"ListItem","position":1,"name":"Accueil","item":"https:\/\/moulin-de-chaules.com\/nl\/"},{"@type":"ListItem","position":2,"name":"Map"}]},{"@type":"WebSite","@id":"https:\/\/moulin-de-chaules.com\/nl\/#website","url":"https:\/\/moulin-de-chaules.com\/nl\/","name":"Camping Moulin de Chaules","description":"Charmant petit camping en vallee du lot","publisher":{"@id":"https:\/\/moulin-de-chaules.com\/nl\/#organization"},"alternateName":"Moulin de Chaules","potentialAction":[{"@type":"SearchAction","target":{"@type":"EntryPoint","urlTemplate":"https:\/\/moulin-de-chaules.com\/nl\/?s={search_term_string}"},"query-input":{"@type":"PropertyValueSpecification","valueRequired":true,"valueName":"search_term_string"}}],"inLanguage":"fr-FR"},{"@type":"Organization","@id":"https:\/\/moulin-de-chaules.com\/nl\/#organization","name":"Camping Moulin de Chaules","alternateName":"Moulin de Chaules","url":"https:\/\/moulin-de-chaules.com\/nl\/","logo":{"@type":"ImageObject","inLanguage":"fr-FR","@id":"https:\/\/moulin-de-chaules.com\/nl\/#\/schema\/logo\/image\/","url":"https:\/\/moulin-de-chaules.com\/wp-content\/uploads\/2023\/11\/logo3.png","contentUrl":"https:\/\/moulin-de-chaules.com\/wp-content\/uploads\/2023\/11\/logo3.png","width":1401,"height":1616,"caption":"Camping Moulin de Chaules"},"image":{"@id":"https:\/\/moulin-de-chaules.com\/nl\/#\/schema\/logo\/image\/"},"sameAs":["https:\/\/www.facebook.com\/CampingMoulinDeChaules","https:\/\/www.instagram.com\/campingmoulindechaules\/","https:\/\/fr.pinterest.com\/campingmoulindechaules\/"]}]}},"_links":{"self":[{"href":"https:\/\/moulin-de-chaules.com\/fr\/wp-json\/wp\/v2\/pages\/8161","targetHints":{"allow":["GET"]}}],"collection":[{"href":"https:\/\/moulin-de-chaules.com\/fr\/wp-json\/wp\/v2\/pages"}],"about":[{"href":"https:\/\/moulin-de-chaules.com\/fr\/wp-json\/wp\/v2\/types\/page"}],"author":[{"embeddable":true,"href":"https:\/\/moulin-de-chaules.com\/fr\/wp-json\/wp\/v2\/users\/3"}],"replies":[{"embeddable":true,"href":"https:\/\/moulin-de-chaules.com\/fr\/wp-json\/wp\/v2\/comments?post=8161"}],"version-history":[{"count":14,"href":"https:\/\/moulin-de-chaules.com\/fr\/wp-json\/wp\/v2\/pages\/8161\/revisions"}],"predecessor-version":[{"id":9787,"href":"https:\/\/moulin-de-chaules.com\/fr\/wp-json\/wp\/v2\/pages\/8161\/revisions\/9787"}],"wp:attachment":[{"href":"https:\/\/moulin-de-chaules.com\/fr\/wp-json\/wp\/v2\/media?parent=8161"}],"wp:term":[{"taxonomy":"folder","embeddable":true,"href":"https:\/\/moulin-de-chaules.com\/fr\/wp-json\/wp\/v2\/folder?post=8161"}],"curies":[{"name":"wp","href":"https:\/\/api.w.org\/{rel}","templated":true}]}}