{"id":8159,"date":"2023-11-13T14:12:56","date_gmt":"2023-11-13T13:12:56","guid":{"rendered":"https:\/\/localhost\/mdc\/?page_id=8159"},"modified":"2025-12-24T16:58:19","modified_gmt":"2025-12-24T15:58:19","slug":"restaurant","status":"publish","type":"page","link":"https:\/\/moulin-de-chaules.com\/fr\/restaurant\/","title":{"rendered":"Restaurant"},"content":{"rendered":"<div data-elementor-type=\"wp-page\" data-elementor-id=\"8159\" class=\"elementor elementor-8159\">\n\t\t\t\t\t\t<section class=\"elementor-section elementor-top-section elementor-element elementor-element-58f9a7e elementor-section-boxed elementor-section-height-default elementor-section-height-default qodef-elementor-content-no\" data-id=\"58f9a7e\" data-element_type=\"section\" data-e-type=\"section\">\n\t\t\t\t\t\t<div class=\"elementor-container elementor-column-gap-default\">\n\t\t\t\t\t<div class=\"elementor-column elementor-col-100 elementor-top-column elementor-element elementor-element-8aa3403\" data-id=\"8aa3403\" data-element_type=\"column\" data-e-type=\"column\">\n\t\t\t<div class=\"elementor-widget-wrap elementor-element-populated\">\n\t\t\t\t\t\t<div class=\"elementor-element elementor-element-4ae156f elementor-widget elementor-widget-text-editor\" data-id=\"4ae156f\" data-element_type=\"widget\" data-e-type=\"widget\" data-widget_type=\"text-editor.default\">\n\t\t\t\t<div class=\"elementor-widget-container\">\n\t\t\t\t\t\t\t\t\t<h3>La Terrasse Lounge<\/h3><p>Notre lieu de vie s\u2019articule autour de la <strong>Terrasse Bar \/ Lounge<\/strong>, v\u00e9ritable invitation au repos. Quand le soleil darde ses rayons, vous trouverez refuge sous l\u2019ombre fra\u00eeche de notre <strong>pergola v\u00e9g\u00e9tale<\/strong> et du <strong>ch\u00eane s\u00e9culaire<\/strong> qui la c\u00f4toie. Id\u00e9alement situ\u00e9 pr\u00e8s de l\u2019aire de jeux, cet espace est une oasis o\u00f9 les parents peuvent se d\u00e9tendre pendant que les enfants s\u2019amusent.<\/p>\t\t\t\t\t\t\t\t<\/div>\n\t\t\t\t<\/div>\n\t\t\t\t\t<\/div>\n\t\t<\/div>\n\t\t\t\t\t<\/div>\n\t\t<\/section>\n\t\t\t\t<section class=\"elementor-section elementor-top-section elementor-element elementor-element-f8ba755 elementor-section-boxed elementor-section-height-default elementor-section-height-default qodef-elementor-content-no\" data-id=\"f8ba755\" data-element_type=\"section\" data-e-type=\"section\">\n\t\t\t\t\t\t<div class=\"elementor-container elementor-column-gap-default\">\n\t\t\t\t\t<div class=\"elementor-column elementor-col-100 elementor-top-column elementor-element elementor-element-610d8d5\" data-id=\"610d8d5\" data-element_type=\"column\" data-e-type=\"column\">\n\t\t\t<div class=\"elementor-widget-wrap elementor-element-populated\">\n\t\t\t\t\t\t<div class=\"elementor-element elementor-element-086957c elementor-position-left elementor-vertical-align-top elementor-widget elementor-widget-image-box\" data-id=\"086957c\" data-element_type=\"widget\" data-e-type=\"widget\" data-widget_type=\"image-box.default\">\n\t\t\t\t<div class=\"elementor-widget-container\">\n\t\t\t\t\t<div class=\"elementor-image-box-wrapper\"><figure class=\"elementor-image-box-img\"><img fetchpriority=\"high\" decoding=\"async\" width=\"1280\" height=\"960\" src=\"http:\/\/moulin-de-chaules.com\/wp-content\/uploads\/2025\/11\/BRUNCH.jpg\" class=\"elementor-animation-pop attachment-full size-full wp-image-10890\" alt=\"\" srcset=\"https:\/\/moulin-de-chaules.com\/wp-content\/uploads\/2025\/11\/BRUNCH.jpg 1280w, https:\/\/moulin-de-chaules.com\/wp-content\/uploads\/2025\/11\/BRUNCH-300x225.jpg 300w, https:\/\/moulin-de-chaules.com\/wp-content\/uploads\/2025\/11\/BRUNCH-1024x768.jpg 1024w, https:\/\/moulin-de-chaules.com\/wp-content\/uploads\/2025\/11\/BRUNCH-768x576.jpg 768w, https:\/\/moulin-de-chaules.com\/wp-content\/uploads\/2025\/11\/BRUNCH-16x12.jpg 16w\" sizes=\"(max-width: 1280px) 100vw, 1280px\" \/><\/figure><div class=\"elementor-image-box-content\"><h4 class=\"elementor-image-box-title\">Le Matin, Douceur et Gourmandise<\/h4><p class=\"elementor-image-box-description\">Le matin s'ouvre sur la tranquillit\u00e9, souvent autour d'un petit-d\u00e9jeuner ou d'un brunch paisible (sur r\u00e9servation) pour bien commencer la journ\u00e9e... \u00e0 votre rythme. Imaginez-vous savourer un caf\u00e9 avec de d\u00e9licieux croissants tout frais ! Prenez le temps de savourer chaque bouch\u00e9e.<\/p><\/div><\/div>\t\t\t\t<\/div>\n\t\t\t\t<\/div>\n\t\t\t\t<div class=\"elementor-element elementor-element-4ceeafb elementor-position-right elementor-vertical-align-top elementor-widget elementor-widget-image-box\" data-id=\"4ceeafb\" data-element_type=\"widget\" data-e-type=\"widget\" data-widget_type=\"image-box.default\">\n\t\t\t\t<div class=\"elementor-widget-container\">\n\t\t\t\t\t<div class=\"elementor-image-box-wrapper\"><figure class=\"elementor-image-box-img\"><img decoding=\"async\" width=\"1280\" height=\"850\" src=\"http:\/\/moulin-de-chaules.com\/wp-content\/uploads\/2025\/12\/CoctailLatte.jpg\" class=\"elementor-animation-pop attachment-full size-full wp-image-11085\" alt=\"\" srcset=\"https:\/\/moulin-de-chaules.com\/wp-content\/uploads\/2025\/12\/CoctailLatte.jpg 1280w, https:\/\/moulin-de-chaules.com\/wp-content\/uploads\/2025\/12\/CoctailLatte-300x199.jpg 300w, https:\/\/moulin-de-chaules.com\/wp-content\/uploads\/2025\/12\/CoctailLatte-1024x680.jpg 1024w, https:\/\/moulin-de-chaules.com\/wp-content\/uploads\/2025\/12\/CoctailLatte-768x510.jpg 768w, https:\/\/moulin-de-chaules.com\/wp-content\/uploads\/2025\/12\/CoctailLatte-18x12.jpg 18w\" sizes=\"(max-width: 1280px) 100vw, 1280px\" \/><\/figure><div class=\"elementor-image-box-content\"><h4 class=\"elementor-image-box-title\">Bar\/Lounge : L'Instant Plaisir avec Christophe<\/h4><p class=\"elementor-image-box-description\">C\u00f4t\u00e9 bar\/Lounge, Christophe vous accueille pour un instant plaisir sans pr\u00e9cipitation. Savourez une boisson fra\u00eeche, un caf\u00e9 latte onctueux, ou ses d\u00e9licieux cocktails maison que ce soit en milieu d'apr\u00e8s-midi ou pour l'ap\u00e9ritif au coucher du soleil.<\/p><\/div><\/div>\t\t\t\t<\/div>\n\t\t\t\t<\/div>\n\t\t\t\t<div class=\"elementor-element elementor-element-80de60a elementor-position-left elementor-vertical-align-top elementor-widget elementor-widget-image-box\" data-id=\"80de60a\" data-element_type=\"widget\" data-e-type=\"widget\" data-widget_type=\"image-box.default\">\n\t\t\t\t<div class=\"elementor-widget-container\">\n\t\t\t\t\t<div class=\"elementor-image-box-wrapper\"><figure class=\"elementor-image-box-img\"><img decoding=\"async\" width=\"1280\" height=\"1707\" src=\"http:\/\/moulin-de-chaules.com\/wp-content\/uploads\/2025\/11\/PLATEAU-CHARCUTERIE-FROMAGE-A-EMPORTER.jpg\" class=\"elementor-animation-pop attachment-full size-full wp-image-10900\" alt=\"\" srcset=\"https:\/\/moulin-de-chaules.com\/wp-content\/uploads\/2025\/11\/PLATEAU-CHARCUTERIE-FROMAGE-A-EMPORTER.jpg 1280w, https:\/\/moulin-de-chaules.com\/wp-content\/uploads\/2025\/11\/PLATEAU-CHARCUTERIE-FROMAGE-A-EMPORTER-225x300.jpg 225w, https:\/\/moulin-de-chaules.com\/wp-content\/uploads\/2025\/11\/PLATEAU-CHARCUTERIE-FROMAGE-A-EMPORTER-768x1024.jpg 768w, https:\/\/moulin-de-chaules.com\/wp-content\/uploads\/2025\/11\/PLATEAU-CHARCUTERIE-FROMAGE-A-EMPORTER-1152x1536.jpg 1152w, https:\/\/moulin-de-chaules.com\/wp-content\/uploads\/2025\/11\/PLATEAU-CHARCUTERIE-FROMAGE-A-EMPORTER-9x12.jpg 9w\" sizes=\"(max-width: 1280px) 100vw, 1280px\" \/><\/figure><div class=\"elementor-image-box-content\"><h3 class=\"elementor-image-box-title\">L'Heure de l'Ap\u00e9ro<\/h3><p class=\"elementor-image-box-description\">Pour accompagner vos boissons en fin de journ\u00e9e, craquez pour nos g\u00e9n\u00e9reuses planches de charcuterie et de fromage locaux, id\u00e9ales pour un moment de partage convivial.\n\nLes enfants ne sont pas oubli\u00e9s avec de belles glaces artisanales ou un smoothie rafra\u00eechissant.<\/p><\/div><\/div>\t\t\t\t<\/div>\n\t\t\t\t<\/div>\n\t\t\t\t<div class=\"elementor-element elementor-element-2881510 elementor-position-right elementor-vertical-align-top elementor-widget elementor-widget-image-box\" data-id=\"2881510\" data-element_type=\"widget\" data-e-type=\"widget\" data-widget_type=\"image-box.default\">\n\t\t\t\t<div class=\"elementor-widget-container\">\n\t\t\t\t\t<div class=\"elementor-image-box-wrapper\"><figure class=\"elementor-image-box-img\"><img loading=\"lazy\" decoding=\"async\" width=\"1440\" height=\"1086\" src=\"http:\/\/moulin-de-chaules.com\/wp-content\/uploads\/2023\/12\/restau.webp\" class=\"elementor-animation-pop attachment-full size-full wp-image-9576\" alt=\"\" srcset=\"https:\/\/moulin-de-chaules.com\/wp-content\/uploads\/2023\/12\/restau.webp 1440w, https:\/\/moulin-de-chaules.com\/wp-content\/uploads\/2023\/12\/restau-300x226.webp 300w, https:\/\/moulin-de-chaules.com\/wp-content\/uploads\/2023\/12\/restau-1024x772.webp 1024w, https:\/\/moulin-de-chaules.com\/wp-content\/uploads\/2023\/12\/restau-768x579.webp 768w, https:\/\/moulin-de-chaules.com\/wp-content\/uploads\/2023\/12\/restau-16x12.webp 16w\" sizes=\"(max-width: 1440px) 100vw, 1440px\" \/><\/figure><div class=\"elementor-image-box-content\"><h3 class=\"elementor-image-box-title\">Snacking Gourmand et Pratique<\/h3><p class=\"elementor-image-box-description\">Pour une soir\u00e9e simple, optez pour notre service de snacking. L'accent est mis sur les produits savoureux :\nL'incontournable du terroir : Nos fameuses pizzas revisit\u00e9es au Cantal, parfaites pour une d\u00e9gustation sur place en terrasse ou \u00e0 emporter.\nLes classiques de qualit\u00e9 : Des frites croustillantes et de g\u00e9n\u00e9reux nuggets de poulet. Pour le plaisir des enfants (m\u00eame en France !), nous proposons aussi les incontournables fricadelles et croquettes.\nL'option locale et v\u00e9g\u00e9tale : Des galettes v\u00e9g\u00e9tariennes pr\u00e9par\u00e9es avec des ingr\u00e9dients locaux, connues ici sous le nom de picoussel ou farcous.<\/p><\/div><\/div>\t\t\t\t<\/div>\n\t\t\t\t<\/div>\n\t\t\t\t<div class=\"elementor-element elementor-element-b064e08 elementor-position-left elementor-vertical-align-top elementor-widget elementor-widget-image-box\" data-id=\"b064e08\" data-element_type=\"widget\" data-e-type=\"widget\" data-widget_type=\"image-box.default\">\n\t\t\t\t<div class=\"elementor-widget-container\">\n\t\t\t\t\t<div class=\"elementor-image-box-wrapper\"><figure class=\"elementor-image-box-img\"><img loading=\"lazy\" decoding=\"async\" width=\"1280\" height=\"1707\" src=\"http:\/\/moulin-de-chaules.com\/wp-content\/uploads\/2025\/11\/PAVLOVA.jpg\" class=\"elementor-animation-pop attachment-full size-full wp-image-10898\" alt=\"\" srcset=\"https:\/\/moulin-de-chaules.com\/wp-content\/uploads\/2025\/11\/PAVLOVA.jpg 1280w, https:\/\/moulin-de-chaules.com\/wp-content\/uploads\/2025\/11\/PAVLOVA-225x300.jpg 225w, https:\/\/moulin-de-chaules.com\/wp-content\/uploads\/2025\/11\/PAVLOVA-768x1024.jpg 768w, https:\/\/moulin-de-chaules.com\/wp-content\/uploads\/2025\/11\/PAVLOVA-1152x1536.jpg 1152w, https:\/\/moulin-de-chaules.com\/wp-content\/uploads\/2025\/11\/PAVLOVA-9x12.jpg 9w\" sizes=\"(max-width: 1280px) 100vw, 1280px\" \/><\/figure><div class=\"elementor-image-box-content\"><h3 class=\"elementor-image-box-title\">Le Restaurant : Saveurs Locales et Convivialit\u00e9 Retrouv\u00e9e (Uniquement le Soir)<\/h3><p class=\"elementor-image-box-description translation-block\">Notre table est un v\u00e9ritable espace de partage et de saveurs locales, centr\u00e9 sur la convivialit\u00e9. C'est Christelle qui est aux fourneaux, guid\u00e9e par une sinc\u00e8re envie de partage et l'art de la cuisine simple et bonne.\n L'Engagement Culinaire : Notre cuisine se veut inclusive et g\u00e9n\u00e9reuse. Les v\u00e9g\u00e9tariens ne sont jamais oubli\u00e9s : en Haute Saison, Christelle consacre un soir par semaine \u00e0 un d\u00e9licieux menu enti\u00e8rement v\u00e9g\u00e9tarien pour mettre \u00e0 l'honneur les tr\u00e9sors du terroir v\u00e9g\u00e9tal.\nHaute Saison : L'\u00c9loge du Produit Local\nChristelle propose chaque soir des menus du jour pr\u00e9par\u00e9s avec soin, mettant \u00e0 l'honneur les produits locaux et les saveurs de notre terroir ou de belles salades de saison. Le repas est sur r\u00e9servation, garantissant fra\u00eecheur et qualit\u00e9.\nLe restaurant est ouvert tous les soirs, sauf le lundi soir : ce soir-l\u00e0, nous accueillons un food truck sur le camping pour varier les plaisirs.\nBasse Saison : Des Instants Culinaires Choisis\nChristelle maintient l'esprit de la table en cuisinant occasionnellement le soir (quelques fois par semaine), toujours sur simple r\u00e9servation.<\/p><\/div><\/div>\t\t\t\t<\/div>\n\t\t\t\t<\/div>\n\t\t\t\t\t<\/div>\n\t\t<\/div>\n\t\t\t\t\t<\/div>\n\t\t<\/section>\n\t\t\t\t<\/div>","protected":false},"excerpt":{"rendered":"<p>The Terrace Lounge Our living space revolves around the Terrace Bar\/Lounge, a true invitation to relax. When the sun is shining, you can take refuge in the cool shade of our pergola covered in greenery and the centuries-old oak tree next to it. Ideally located near the playground, this space is an oasis where parents [&hellip;]<\/p>\n","protected":false},"author":3,"featured_media":0,"parent":0,"menu_order":0,"comment_status":"closed","ping_status":"closed","template":"page-full-width.php","meta":{"footnotes":""},"folder":[95],"class_list":["post-8159","page","type-page","status-publish","hentry"],"yoast_head":"<!-- This site is optimized with the Yoast SEO Premium plugin v27.1 (Yoast SEO v27.4) - https:\/\/yoast.com\/product\/yoast-seo-premium-wordpress\/ -->\n<title>Le Restaurant: Un Espace Unique pour Toutes G\u00e9n\u00e9rations - Camping Moulin De Chaules<\/title>\n<meta name=\"description\" content=\"Savourez chaque instant au restaurant, l&#039;endroit parfait pour savourer et se relaxer en famille pr\u00e8s de l&#039;aire de jeux.\" \/>\n<meta name=\"robots\" content=\"index, follow, max-snippet:-1, max-image-preview:large, max-video-preview:-1\" \/>\n<link rel=\"canonical\" href=\"http:\/\/moulin-de-chaules.com\/fr\/restaurant\/\" \/>\n<meta property=\"og:locale\" content=\"fr_FR\" \/>\n<meta property=\"og:type\" content=\"article\" \/>\n<meta property=\"og:title\" content=\"Restaurant\" \/>\n<meta property=\"og:description\" content=\"Savourez chaque instant au restaurant, l&#039;endroit parfait pour savourer et se relaxer en famille pr\u00e8s de l&#039;aire de jeux.\" \/>\n<meta property=\"og:url\" content=\"http:\/\/moulin-de-chaules.com\/fr\/restaurant\/\" \/>\n<meta property=\"og:site_name\" content=\"Camping Moulin De Chaules\" \/>\n<meta property=\"article:publisher\" content=\"https:\/\/www.facebook.com\/CampingMoulinDeChaules\" \/>\n<meta property=\"article:modified_time\" content=\"2025-12-24T15:58:19+00:00\" \/>\n<meta property=\"og:image\" content=\"http:\/\/moulin-de-chaules.com\/wp-content\/uploads\/2025\/11\/BRUNCH.jpg\" \/>\n<meta name=\"twitter:card\" content=\"summary_large_image\" \/>\n<meta name=\"twitter:label1\" content=\"Dur\u00e9e de lecture estim\u00e9e\" \/>\n\t<meta name=\"twitter:data1\" content=\"4 minutes\" \/>\n<script type=\"application\/ld+json\" class=\"yoast-schema-graph\">{\"@context\":\"https:\\\/\\\/schema.org\",\"@graph\":[{\"@type\":\"WebPage\",\"@id\":\"http:\\\/\\\/moulin-de-chaules.com\\\/fr\\\/restaurant\\\/\",\"url\":\"http:\\\/\\\/moulin-de-chaules.com\\\/fr\\\/restaurant\\\/\",\"name\":\"Le Restaurant: Un Espace Unique pour Toutes G\u00e9n\u00e9rations - Camping Moulin De Chaules\",\"isPartOf\":{\"@id\":\"https:\\\/\\\/moulin-de-chaules.com\\\/nl\\\/#website\"},\"primaryImageOfPage\":{\"@id\":\"http:\\\/\\\/moulin-de-chaules.com\\\/fr\\\/restaurant\\\/#primaryimage\"},\"image\":{\"@id\":\"http:\\\/\\\/moulin-de-chaules.com\\\/fr\\\/restaurant\\\/#primaryimage\"},\"thumbnailUrl\":\"http:\\\/\\\/moulin-de-chaules.com\\\/wp-content\\\/uploads\\\/2025\\\/11\\\/BRUNCH.jpg\",\"datePublished\":\"2023-11-13T13:12:56+00:00\",\"dateModified\":\"2025-12-24T15:58:19+00:00\",\"description\":\"Savourez chaque instant au restaurant, l'endroit parfait pour savourer et se relaxer en famille pr\u00e8s de l'aire de jeux.\",\"breadcrumb\":{\"@id\":\"http:\\\/\\\/moulin-de-chaules.com\\\/fr\\\/restaurant\\\/#breadcrumb\"},\"inLanguage\":\"fr-FR\",\"potentialAction\":[{\"@type\":\"ReadAction\",\"target\":[\"http:\\\/\\\/moulin-de-chaules.com\\\/fr\\\/restaurant\\\/\"]}]},{\"@type\":\"ImageObject\",\"inLanguage\":\"fr-FR\",\"@id\":\"http:\\\/\\\/moulin-de-chaules.com\\\/fr\\\/restaurant\\\/#primaryimage\",\"url\":\"http:\\\/\\\/moulin-de-chaules.com\\\/wp-content\\\/uploads\\\/2025\\\/11\\\/BRUNCH.jpg\",\"contentUrl\":\"http:\\\/\\\/moulin-de-chaules.com\\\/wp-content\\\/uploads\\\/2025\\\/11\\\/BRUNCH.jpg\"},{\"@type\":\"BreadcrumbList\",\"@id\":\"http:\\\/\\\/moulin-de-chaules.com\\\/fr\\\/restaurant\\\/#breadcrumb\",\"itemListElement\":[{\"@type\":\"ListItem\",\"position\":1,\"name\":\"Accueil\",\"item\":\"https:\\\/\\\/moulin-de-chaules.com\\\/nl\\\/\"},{\"@type\":\"ListItem\",\"position\":2,\"name\":\"Restaurant\"}]},{\"@type\":\"WebSite\",\"@id\":\"https:\\\/\\\/moulin-de-chaules.com\\\/nl\\\/#website\",\"url\":\"https:\\\/\\\/moulin-de-chaules.com\\\/nl\\\/\",\"name\":\"Camping Moulin de Chaules\",\"description\":\"Charmant petit camping en vallee du lot\",\"publisher\":{\"@id\":\"https:\\\/\\\/moulin-de-chaules.com\\\/nl\\\/#organization\"},\"alternateName\":\"Moulin de Chaules\",\"potentialAction\":[{\"@type\":\"SearchAction\",\"target\":{\"@type\":\"EntryPoint\",\"urlTemplate\":\"https:\\\/\\\/moulin-de-chaules.com\\\/nl\\\/?s={search_term_string}\"},\"query-input\":{\"@type\":\"PropertyValueSpecification\",\"valueRequired\":true,\"valueName\":\"search_term_string\"}}],\"inLanguage\":\"fr-FR\"},{\"@type\":\"Organization\",\"@id\":\"https:\\\/\\\/moulin-de-chaules.com\\\/nl\\\/#organization\",\"name\":\"Camping Moulin de Chaules\",\"alternateName\":\"Moulin de Chaules\",\"url\":\"https:\\\/\\\/moulin-de-chaules.com\\\/nl\\\/\",\"logo\":{\"@type\":\"ImageObject\",\"inLanguage\":\"fr-FR\",\"@id\":\"https:\\\/\\\/moulin-de-chaules.com\\\/nl\\\/#\\\/schema\\\/logo\\\/image\\\/\",\"url\":\"https:\\\/\\\/moulin-de-chaules.com\\\/wp-content\\\/uploads\\\/2023\\\/11\\\/logo3.png\",\"contentUrl\":\"https:\\\/\\\/moulin-de-chaules.com\\\/wp-content\\\/uploads\\\/2023\\\/11\\\/logo3.png\",\"width\":1401,\"height\":1616,\"caption\":\"Camping Moulin de Chaules\"},\"image\":{\"@id\":\"https:\\\/\\\/moulin-de-chaules.com\\\/nl\\\/#\\\/schema\\\/logo\\\/image\\\/\"},\"sameAs\":[\"https:\\\/\\\/www.facebook.com\\\/CampingMoulinDeChaules\",\"https:\\\/\\\/www.instagram.com\\\/campingmoulindechaules\\\/\",\"https:\\\/\\\/fr.pinterest.com\\\/campingmoulindechaules\\\/\"]}]}<\/script>\n<!-- \/ Yoast SEO Premium plugin. -->","yoast_head_json":{"title":"Le Restaurant: Un Espace Unique pour Toutes G\u00e9n\u00e9rations - Camping Moulin De Chaules","description":"Savourez chaque instant au restaurant, l'endroit parfait pour savourer et se relaxer en famille pr\u00e8s de l'aire de jeux.","robots":{"index":"index","follow":"follow","max-snippet":"max-snippet:-1","max-image-preview":"max-image-preview:large","max-video-preview":"max-video-preview:-1"},"canonical":"http:\/\/moulin-de-chaules.com\/fr\/restaurant\/","og_locale":"fr_FR","og_type":"article","og_title":"Restaurant","og_description":"Savourez chaque instant au restaurant, l'endroit parfait pour savourer et se relaxer en famille pr\u00e8s de l'aire de jeux.","og_url":"http:\/\/moulin-de-chaules.com\/fr\/restaurant\/","og_site_name":"Camping Moulin De Chaules","article_publisher":"https:\/\/www.facebook.com\/CampingMoulinDeChaules","article_modified_time":"2025-12-24T15:58:19+00:00","og_image":[{"url":"http:\/\/moulin-de-chaules.com\/wp-content\/uploads\/2025\/11\/BRUNCH.jpg","type":"","width":"","height":""}],"twitter_card":"summary_large_image","twitter_misc":{"Dur\u00e9e de lecture estim\u00e9e":"4 minutes"},"schema":{"@context":"https:\/\/schema.org","@graph":[{"@type":"WebPage","@id":"http:\/\/moulin-de-chaules.com\/fr\/restaurant\/","url":"http:\/\/moulin-de-chaules.com\/fr\/restaurant\/","name":"Le Restaurant: Un Espace Unique pour Toutes G\u00e9n\u00e9rations - Camping Moulin De Chaules","isPartOf":{"@id":"https:\/\/moulin-de-chaules.com\/nl\/#website"},"primaryImageOfPage":{"@id":"http:\/\/moulin-de-chaules.com\/fr\/restaurant\/#primaryimage"},"image":{"@id":"http:\/\/moulin-de-chaules.com\/fr\/restaurant\/#primaryimage"},"thumbnailUrl":"http:\/\/moulin-de-chaules.com\/wp-content\/uploads\/2025\/11\/BRUNCH.jpg","datePublished":"2023-11-13T13:12:56+00:00","dateModified":"2025-12-24T15:58:19+00:00","description":"Savourez chaque instant au restaurant, l'endroit parfait pour savourer et se relaxer en famille pr\u00e8s de l'aire de jeux.","breadcrumb":{"@id":"http:\/\/moulin-de-chaules.com\/fr\/restaurant\/#breadcrumb"},"inLanguage":"fr-FR","potentialAction":[{"@type":"ReadAction","target":["http:\/\/moulin-de-chaules.com\/fr\/restaurant\/"]}]},{"@type":"ImageObject","inLanguage":"fr-FR","@id":"http:\/\/moulin-de-chaules.com\/fr\/restaurant\/#primaryimage","url":"http:\/\/moulin-de-chaules.com\/wp-content\/uploads\/2025\/11\/BRUNCH.jpg","contentUrl":"http:\/\/moulin-de-chaules.com\/wp-content\/uploads\/2025\/11\/BRUNCH.jpg"},{"@type":"BreadcrumbList","@id":"http:\/\/moulin-de-chaules.com\/fr\/restaurant\/#breadcrumb","itemListElement":[{"@type":"ListItem","position":1,"name":"Accueil","item":"https:\/\/moulin-de-chaules.com\/nl\/"},{"@type":"ListItem","position":2,"name":"Restaurant"}]},{"@type":"WebSite","@id":"https:\/\/moulin-de-chaules.com\/nl\/#website","url":"https:\/\/moulin-de-chaules.com\/nl\/","name":"Camping Moulin de Chaules","description":"Charmant petit camping en vallee du lot","publisher":{"@id":"https:\/\/moulin-de-chaules.com\/nl\/#organization"},"alternateName":"Moulin de Chaules","potentialAction":[{"@type":"SearchAction","target":{"@type":"EntryPoint","urlTemplate":"https:\/\/moulin-de-chaules.com\/nl\/?s={search_term_string}"},"query-input":{"@type":"PropertyValueSpecification","valueRequired":true,"valueName":"search_term_string"}}],"inLanguage":"fr-FR"},{"@type":"Organization","@id":"https:\/\/moulin-de-chaules.com\/nl\/#organization","name":"Camping Moulin de Chaules","alternateName":"Moulin de Chaules","url":"https:\/\/moulin-de-chaules.com\/nl\/","logo":{"@type":"ImageObject","inLanguage":"fr-FR","@id":"https:\/\/moulin-de-chaules.com\/nl\/#\/schema\/logo\/image\/","url":"https:\/\/moulin-de-chaules.com\/wp-content\/uploads\/2023\/11\/logo3.png","contentUrl":"https:\/\/moulin-de-chaules.com\/wp-content\/uploads\/2023\/11\/logo3.png","width":1401,"height":1616,"caption":"Camping Moulin de Chaules"},"image":{"@id":"https:\/\/moulin-de-chaules.com\/nl\/#\/schema\/logo\/image\/"},"sameAs":["https:\/\/www.facebook.com\/CampingMoulinDeChaules","https:\/\/www.instagram.com\/campingmoulindechaules\/","https:\/\/fr.pinterest.com\/campingmoulindechaules\/"]}]}},"_links":{"self":[{"href":"https:\/\/moulin-de-chaules.com\/fr\/wp-json\/wp\/v2\/pages\/8159","targetHints":{"allow":["GET"]}}],"collection":[{"href":"https:\/\/moulin-de-chaules.com\/fr\/wp-json\/wp\/v2\/pages"}],"about":[{"href":"https:\/\/moulin-de-chaules.com\/fr\/wp-json\/wp\/v2\/types\/page"}],"author":[{"embeddable":true,"href":"https:\/\/moulin-de-chaules.com\/fr\/wp-json\/wp\/v2\/users\/3"}],"replies":[{"embeddable":true,"href":"https:\/\/moulin-de-chaules.com\/fr\/wp-json\/wp\/v2\/comments?post=8159"}],"version-history":[{"count":95,"href":"https:\/\/moulin-de-chaules.com\/fr\/wp-json\/wp\/v2\/pages\/8159\/revisions"}],"predecessor-version":[{"id":11104,"href":"https:\/\/moulin-de-chaules.com\/fr\/wp-json\/wp\/v2\/pages\/8159\/revisions\/11104"}],"wp:attachment":[{"href":"https:\/\/moulin-de-chaules.com\/fr\/wp-json\/wp\/v2\/media?parent=8159"}],"wp:term":[{"taxonomy":"folder","embeddable":true,"href":"https:\/\/moulin-de-chaules.com\/fr\/wp-json\/wp\/v2\/folder?post=8159"}],"curies":[{"name":"wp","href":"https:\/\/api.w.org\/{rel}","templated":true}]}}