{"id":11105,"date":"2026-01-01T12:47:41","date_gmt":"2026-01-01T11:47:41","guid":{"rendered":"https:\/\/moulin-de-chaules.com\/?page_id=11105"},"modified":"2026-01-01T13:06:47","modified_gmt":"2026-01-01T12:06:47","slug":"eco-friendly","status":"publish","type":"page","link":"https:\/\/moulin-de-chaules.com\/fr\/eco-friendly\/","title":{"rendered":"Eco Friendly"},"content":{"rendered":"<div data-elementor-type=\"wp-page\" data-elementor-id=\"11105\" class=\"elementor elementor-11105\">\n\t\t\t\t\t\t<section class=\"elementor-section elementor-top-section elementor-element elementor-element-30b9454 elementor-section-boxed elementor-section-height-default elementor-section-height-default qodef-elementor-content-no\" data-id=\"30b9454\" data-element_type=\"section\" data-e-type=\"section\">\n\t\t\t\t\t\t<div class=\"elementor-container elementor-column-gap-default\">\n\t\t\t\t\t<div class=\"elementor-column elementor-col-100 elementor-top-column elementor-element elementor-element-6643f24\" data-id=\"6643f24\" data-element_type=\"column\" data-e-type=\"column\">\n\t\t\t<div class=\"elementor-widget-wrap elementor-element-populated\">\n\t\t\t\t\t\t<div class=\"elementor-element elementor-element-30ea5ac elementor-widget__width-initial elementor-widget elementor-widget-text-editor\" data-id=\"30ea5ac\" data-element_type=\"widget\" data-e-type=\"widget\" data-no-translation=\"\" data-widget_type=\"text-editor.default\">\n\t\t\t\t<div class=\"elementor-widget-container\">\n\t\t\t\t\t\t\t\t\t<p>Nous sommes une famille avec 3 enfants qui avons laiss\u00e9s notre vie de citadins derri\u00e8re nous pour r\u00e9aliser notre projet de g\u00e9rer un camping afin de travailler dans un milieu naturel, de mettre l\u2019\u00e9change humain au centre de nos vies. Ce r\u00eave de changement de vie a grandi lors de nos vacances dans diff\u00e9rents campings \u00e9co-responsables. Nous avons beaucoup travaill\u00e9 ces 10 derni\u00e8res ann\u00e9es pour que ce camping soit le reflet de nos convictions pour la plan\u00e8te et en accord avec son environnement. Nous essayons au quotidien et dans chaque \u00e9volution de notre camping d\u2019\u00eatre des citoyens de notre plan\u00e8te pour que notre passage sur cette plan\u00e8te est le moins d\u2019impacts sur les g\u00e9n\u00e9rations futures. Bien s\u00fbr le travail n\u2019est pas termin\u00e9, il restera toujours des choses \u00e0 am\u00e9liorer.<\/p><p>Jusqu\u2019\u00e0 aujourd\u2019hui, nous avons fait le choix de ne pas communiquer sur cette d\u00e9marche car celle-ci ne doit pas servir de marketing pour notre entreprise mais \u00e0 l\u2019heure actuelles nous pensons que c\u2019est notre responsabilit\u00e9 de citoyen de la plan\u00e8te d\u2019essayer d\u2019inciter nos amis, nos clients, nos collaborateurs \u00e0 nous suivre dans cette d\u00e9marche pour l\u2019avenir de notre plan\u00e8te.<\/p><p>Nos actions sont simples et nous essayons de toujours garder en t\u00eate le bon sens dans nos diff\u00e9rentes fa\u00e7ons d\u2019agir.<\/p><p>\u00a0<\/p><p>\u00a0<\/p><h5 style=\"background-color: #ffffff;\">L&#8217;eau :<\/h5><h5><span style=\"color: #7a7a7a; font-family: Roboto, sans-serif; font-size: 15px;\">Nos eaux us\u00e9es sont transform\u00e9es dans une station d\u2019\u00e9puration biologique et ensuite sont rejet\u00e9es apr\u00e8s traitements au ruisseau.<\/span><\/h5><p>Nous r\u00e9duisons et incitons \u00e0 la consommation raisonn\u00e9e de l\u2019eau. (Utilisation de l\u2019eau sans traitement provenant de la rivi\u00e8re pour les toilettes), nous avons install\u00e9 des presto \u00e0 tous les robinets ext\u00e9rieurs du camping, nous utilisons des mousseurs sur les robinets des \u00e9viers et des douches, nous avons chang\u00e9 les chaudi\u00e8res pour la production d\u2019eau chaude par 2 chaudi\u00e8res produisant en instantan\u00e9e pour \u00e9viter le stockage et la production d\u2019eau chaude non n\u00e9cessaire.<\/p><p>\u00a0<\/p><p>Les approvisionnements :<br \/>Nous valorisons les producteurs locaux de notre r\u00e9gion dans nos points de ventes. (Fromages, yaourts, charcuteries, bi\u00e8res et spiritueux locaux).<\/p><p>Nous utilisons au maximum la fili\u00e8re courte pour le restaurant (fromages, yaourts, pains, viandes, l\u00e9gumes, fruits). Nous achetons un maximum aux producteurs en direct ou sur le march\u00e9 toutes les semaines, nous utilisons aussi des produits venant de notre potager(herbes aromatiques, courgettes, tomates, poivrons, rhubarb&#8230;.). R\u00e9alisation d\u2019une cuisine maison au restaurant.<\/p><p>Nous mettons \u00e0 disposition un jardin aromatique \u00e0 la disposition des clients du camping.<\/p><p>Nous avons r\u00e9alis\u00e9 toutes les protections de notre camping en terrasse avec des ganivelles faites en bois de ch\u00e2taignier, utilisation d\u2019essence locale pour la r\u00e9alisation de toutes les terrasses des locatifs et les escaliers du camping.<\/p><p>Nous choississons d&#8217;implanter des locatifs plus respectueux de notre environnement et en accord avec notre paysage(safari tentes, chalets bois, logements atypiques d\u00f4me dans les arbres).<\/p><p>\u00a0<\/p><h5 style=\"background-color: #ffffff;\">L&#8217;entretien :<\/h5><p>L&#8217;entretien et la d\u00e9sinfection de nos locatifs sont fait gr\u00e2ce \u00e0 des appareils vapeurs.<br \/>Nous utilisons des produits d\u2019entretiens biologiques pour les sanitaires du camping, mise \u00e0 disposition de produits d&#8217;accueil \u00e9cocertifi\u00e9s sans suremballage, utilisation de produits recyclables et recycl\u00e9s (serviettes papiers, papiers toilettes), recyclage de tous nos d\u00e9chets par les fil\u00e8res appropri\u00e9es (Cartons, huile de fritures, tri de tous les d\u00e9chets produits par le restaurant et valoristion par du compostage ou pour la nourritures de nos poules).<\/p><p>Les protections jetables pour la literie sont r\u00e9cup\u00e9r\u00e9s et recycl\u00e9s par notre fournisseur;<\/p><p>Aucun pesticide n\u2019est utilis\u00e9 pour l\u2019entretien de notre camping. L\u2019entretien des espaces verts est seulement manuel ou m\u00e9canique.<\/p><p>Nous sommes un refuge LPO.<\/p><p>Nous privil\u00e9gions les plantations qui ne n\u00e9cessitent aucun apport d\u2019eau, et les plantations de fleurs vivaces et adapt\u00e9es \u00e0 notre milieu. Nous arrosons les plantations avec l\u2019eau de la rivi\u00e8re.<\/p><p>Nous parrainons une ruche chez un apiculteur de notre r\u00e9gion pour soutenir la biodiversit\u00e9 gr\u00e2ce \u00e0 une association (Un toit pour les abeilles). N&#8217;h\u00e9sitez pas \u00e0 go\u00fbter notre production de miel que vous pourrez d\u00e9couvrir chez nous.<\/p><p>\u00a0<\/p><h5 style=\"background-color: #ffffff;\">L&#8217;energie :<\/h5><div>Nous essayons de diminuer notre consommation d\u2019\u00e9nergie pour les \u00e9clairages. Les ampoules du camping et des locatifs sont toutes \u00e0 \u00e9conomies d\u2019\u00e9nergie. Nos diff\u00e9rents \u00e9clairages exterieurs sont optimis\u00e9s afin de r\u00e9duire notre impact \u00e9nerg\u00e9tique (d\u00e9tection de luminosit\u00e9 et minuteur, solaire).<\/div><p>Les lumi\u00e8res du sanitaire sont \u00e9teintes apr\u00e8s 23h pour des raisons d\u2019\u00e9conomies d\u2019\u00e9nergie. Une lumi\u00e8re reste allum\u00e9e seulement pour l\u2019utilisation des toilettes.<\/p><p>Les \u00e9quipements \u00e9lectriques (r\u00e9frig\u00e9rateur, etc.) des locatifs sont class\u00e9s en cat\u00e9gorie \u00e9conomique A ou A+. Les compteurs \u00e9lectrique des locatifs sont syst\u00e9matiquement \u00e9teint \u00e0 la fin de chaque location.<\/p><p>Nous avons mis en place un relev\u00e9 des compteurs eau et \u00e9lectricit\u00e9 pour suivi approfondi des consommations et la d\u00e9tection des fuites.<\/p><p>Nous utilisons un chauffage solaire pour la piscine, (Par simple utilisation d\u2019un circuit d&#8217;eau serpentant le toit de notre maison et permettant le r\u00e9chauffement de l&#8217;eau), permettant juste de gagner quelques degr\u00e9s pour la belle saison, nous ne souhaitons pas chauffer en saison basse car cela serait trop \u00e9nergivore.<\/p><p>Tous les voitures du camping sont \u00e9lectriques. Nous avons achet\u00e9 des panneaux photovolta\u00efques en autoconsommation pour le camping.<\/p><p>\u00a0<\/p><h5 style=\"background-color: #ffffff;\">Les d\u00e9chets :<\/h5><div>Nous avons mis en place deux composteurs \u00e0 l&#8217;usage de tous. Des bio-seau, des sac de tri et des sac \u00e0 pain r\u00e9utilisables sont disponibles pour tous nos clients. Les piles et objets que vous ne savez pas o\u00f9 reclycler peuvent nous \u00eatre amener \u00e0 l\u2019accueil.<\/div><p>Nous broyons les d\u00e9chets d\u2019\u00e9lagage que nous utilisons ensuite pour le paillage de l\u2019aire de jeux et le paillage des zones comme le potager ou certains cheminements.<\/p><p>Nous avons un poulailler pour la production de nos propres \u0153ufs et le recyclage des d\u00e9chets organiques du restaurant.<\/p><p>Nous r\u00e9cup\u00e9rons une partie des huiles de fritures pour la protection des bois ext\u00e9rieurs et le reste est recycl\u00e9 de fa\u00e7on adapt\u00e9.<\/p><p>Une zone de recyclage a pu enfin \u00eatre install\u00e9s \u00e0 100 m\u00e8tre de notre camping pour permettre de trier un maximum de d\u00e9chets<\/p><p>\u00a0<\/p><h5 style=\"background-color: #ffffff;\">Pour nos clients :<\/h5><div>Nous r\u00e9alisons des activit\u00e9s simples pour les enfants en haute saison permettant la reconnexion des familles, le plaisir d\u2019\u00eatre ensemble et la d\u00e9couverte du milieu naturel. (Cuisson du pain dans un feu de camp, course de bateau r\u00e9alis\u00e9 en famille dans le ruisseau du camping, balade dans la nature, chasse aux tr\u00e9sors etc.).<\/div><p>Nous essayons de respecter le milieu naturel, de le valoriser et de le faire d\u00e9couvrir. Mise \u00e0 disposition d\u2019ouvrages sur la faune et flore de notre r\u00e9gion, d\u2019ouvrages de randonn\u00e9es p\u00e9destres et v\u00e9los) D\u00e9couverte du produit labellis\u00e9 de notre r\u00e9gion (la ch\u00e2taigne) gr\u00e2ce \u00e0 sa mise en valeur dans notre cuisine et l\u2019information pour la visite du mus\u00e9e lui \u00e9tant consacr\u00e9 et la participation b\u00e9n\u00e9vole \u00e0 la f\u00eate de la ch\u00e2taigne en Octobre chaque ann\u00e9e.<\/p><p>Nos brochures et notre papier courrier sont en papier recycl\u00e9. Nous favorisons les \u00e9changes par mail et les informations d\u00e9mat\u00e9rialis\u00e9es.<\/p><p>Notre camping est sans voiture pour la p\u00e9riode estivale pour permettre de privil\u00e9gier la qui\u00e9tude, le ressourcement de nos vacanciers et supprimer la pollution visuelle que sont les voitures et permettre les jeux et la d\u00e9couverte de la nature pour les enfants sans inqui\u00e9tude pour les parents.<\/p><p>Nous mettons \u00e0 disposition un tableau de covoiturage, nous partageons notre biblioth\u00e8que de livres et nous mettons une recyclerie \u00e0 disposition.<\/p><p>Nous avons install\u00e9 une recharge \u00e9lectrique 22KW \u00e0 disposition de nos campeurs.<\/p><p>Vous avez la possibilit\u00e9 de louer deux v\u00e9los \u00e9lectriques pour d\u00e9couvrir notre belle r\u00e9gion en mode slow life.<\/p><p>\u00a0<\/p><h5 style=\"background-color: #ffffff;\">Nos Projets :<\/h5><div>Bien s\u00fbr, le travail n\u2019est pas termin\u00e9, il restera toujours des choses \u00e0 am\u00e9liorer ! N\u2019h\u00e9sitez pas \u00e0 nous faire part de vos id\u00e9es pour nous am\u00e9liorer et surtout vous pouvez nous aider dans notre d\u00e9marche pour la plan\u00e8te par vos gestes du quotidien lors de vos vacances et peut-\u00eatre chez vous par la suite\u2026Nous sommes tous des citoyens du monde.<br \/><br \/><\/div><p>\u00a0<\/p><h4><span style=\"font-size: 12pt;\">Nous vous souhaitons de tr\u00e8s bonnes vacances dans notre camping.<\/span><\/h4>\t\t\t\t\t\t\t\t<\/div>\n\t\t\t\t<\/div>\n\t\t\t\t\t<\/div>\n\t\t<\/div>\n\t\t\t\t\t<\/div>\n\t\t<\/section>\n\t\t\t\t<section class=\"elementor-section elementor-top-section elementor-element elementor-element-356f69b elementor-section-boxed elementor-section-height-default elementor-section-height-default qodef-elementor-content-no\" data-id=\"356f69b\" data-element_type=\"section\" data-e-type=\"section\">\n\t\t\t\t\t\t<div class=\"elementor-container elementor-column-gap-default\">\n\t\t\t\t\t<div class=\"elementor-column elementor-col-100 elementor-top-column elementor-element elementor-element-9b8f096\" data-id=\"9b8f096\" data-element_type=\"column\" data-e-type=\"column\">\n\t\t\t<div class=\"elementor-widget-wrap elementor-element-populated\">\n\t\t\t\t\t\t<div class=\"elementor-element elementor-element-cd365cc elementor-widget elementor-widget-text-editor\" data-id=\"cd365cc\" data-element_type=\"widget\" data-e-type=\"widget\" data-no-translation=\"\" data-widget_type=\"text-editor.default\">\n\t\t\t\t<div class=\"elementor-widget-container\">\n\t\t\t\t\t<style>.elementor-element-cd365cc{display:none !important}<\/style>\t\t\t\t<\/div>\n\t\t\t\t<\/div>\n\t\t\t\t\t<\/div>\n\t\t<\/div>\n\t\t\t\t\t<\/div>\n\t\t<\/section>\n\t\t\t\t<\/div>","protected":false},"excerpt":{"rendered":"<p>We are a family with two children: we decided to leave our lives in a big city to run the campsite here, working in truly natural surroundings, and to bring human relationships to the center of our lives. This dream to change our lifestyle had gradually grown during our holidays in different eco-friendly campsites elsewhere [&hellip;]<\/p>\n","protected":false},"author":2,"featured_media":0,"parent":0,"menu_order":0,"comment_status":"closed","ping_status":"closed","template":"page-full-width.php","meta":{"footnotes":""},"folder":[95],"class_list":["post-11105","page","type-page","status-publish","hentry"],"yoast_head":"<!-- This site is optimized with the Yoast SEO Premium plugin v27.1 (Yoast SEO v27.3) - https:\/\/yoast.com\/product\/yoast-seo-premium-wordpress\/ -->\n<title>\u00c9co friendly : vivre en harmonie avec la nature - Camping Moulin De Chaules<\/title>\n<meta name=\"description\" content=\"D\u00e9couvrez comment notre famille a chang\u00e9 de vie pour cr\u00e9er un camping en harmonie avec la nature et l&#039;esprit \u00e9co friendly.\" \/>\n<meta name=\"robots\" content=\"index, follow, max-snippet:-1, max-image-preview:large, max-video-preview:-1\" \/>\n<link rel=\"canonical\" href=\"http:\/\/moulin-de-chaules.com\/fr\/eco-friendly\/\" \/>\n<meta property=\"og:locale\" content=\"fr_FR\" \/>\n<meta property=\"og:type\" content=\"article\" \/>\n<meta property=\"og:title\" content=\"Eco Friendly\" \/>\n<meta property=\"og:description\" content=\"D\u00e9couvrez comment notre famille a chang\u00e9 de vie pour cr\u00e9er un camping en harmonie avec la nature et l&#039;esprit \u00e9co friendly.\" \/>\n<meta property=\"og:url\" content=\"http:\/\/moulin-de-chaules.com\/fr\/eco-friendly\/\" \/>\n<meta property=\"og:site_name\" content=\"Camping Moulin De Chaules\" \/>\n<meta property=\"article:publisher\" content=\"https:\/\/www.facebook.com\/CampingMoulinDeChaules\" \/>\n<meta property=\"article:modified_time\" content=\"2026-01-01T12:06:47+00:00\" \/>\n<meta property=\"og:image\" content=\"https:\/\/moulin-de-chaules.com\/wp-content\/uploads\/2023\/09\/cropped-logo-1.webp\" \/>\n\t<meta property=\"og:image:width\" content=\"512\" \/>\n\t<meta property=\"og:image:height\" content=\"512\" \/>\n\t<meta property=\"og:image:type\" content=\"image\/webp\" \/>\n<meta name=\"twitter:card\" content=\"summary_large_image\" \/>\n<meta name=\"twitter:label1\" content=\"Dur\u00e9e de lecture estim\u00e9e\" \/>\n\t<meta name=\"twitter:data1\" content=\"18 minutes\" \/>\n<script type=\"application\/ld+json\" class=\"yoast-schema-graph\">{\"@context\":\"https:\\\/\\\/schema.org\",\"@graph\":[{\"@type\":\"WebPage\",\"@id\":\"http:\\\/\\\/moulin-de-chaules.com\\\/fr\\\/eco-friendly\\\/\",\"url\":\"http:\\\/\\\/moulin-de-chaules.com\\\/fr\\\/eco-friendly\\\/\",\"name\":\"\u00c9co friendly : vivre en harmonie avec la nature - Camping Moulin De Chaules\",\"isPartOf\":{\"@id\":\"http:\\\/\\\/moulin-de-chaules.com\\\/fr\\\/#website\"},\"datePublished\":\"2026-01-01T11:47:41+00:00\",\"dateModified\":\"2026-01-01T12:06:47+00:00\",\"description\":\"D\u00e9couvrez comment notre famille a chang\u00e9 de vie pour cr\u00e9er un camping en harmonie avec la nature et l'esprit \u00e9co friendly.\",\"breadcrumb\":{\"@id\":\"http:\\\/\\\/moulin-de-chaules.com\\\/fr\\\/eco-friendly\\\/#breadcrumb\"},\"inLanguage\":\"fr-FR\",\"potentialAction\":[{\"@type\":\"ReadAction\",\"target\":[\"http:\\\/\\\/moulin-de-chaules.com\\\/fr\\\/eco-friendly\\\/\"]}]},{\"@type\":\"BreadcrumbList\",\"@id\":\"http:\\\/\\\/moulin-de-chaules.com\\\/fr\\\/eco-friendly\\\/#breadcrumb\",\"itemListElement\":[{\"@type\":\"ListItem\",\"position\":1,\"name\":\"Accueil\",\"item\":\"http:\\\/\\\/moulin-de-chaules.com\\\/fr\\\/\"},{\"@type\":\"ListItem\",\"position\":2,\"name\":\"Eco Friendly\"}]},{\"@type\":\"WebSite\",\"@id\":\"http:\\\/\\\/moulin-de-chaules.com\\\/fr\\\/#website\",\"url\":\"http:\\\/\\\/moulin-de-chaules.com\\\/fr\\\/\",\"name\":\"Camping Moulin de Chaules\",\"description\":\"Charmant petit camping en vallee du lot\",\"publisher\":{\"@id\":\"http:\\\/\\\/moulin-de-chaules.com\\\/fr\\\/#organization\"},\"alternateName\":\"Moulin de Chaules\",\"potentialAction\":[{\"@type\":\"SearchAction\",\"target\":{\"@type\":\"EntryPoint\",\"urlTemplate\":\"http:\\\/\\\/moulin-de-chaules.com\\\/fr\\\/?s={search_term_string}\"},\"query-input\":{\"@type\":\"PropertyValueSpecification\",\"valueRequired\":true,\"valueName\":\"search_term_string\"}}],\"inLanguage\":\"fr-FR\"},{\"@type\":\"Organization\",\"@id\":\"http:\\\/\\\/moulin-de-chaules.com\\\/fr\\\/#organization\",\"name\":\"Camping Moulin de Chaules\",\"alternateName\":\"Moulin de Chaules\",\"url\":\"http:\\\/\\\/moulin-de-chaules.com\\\/fr\\\/\",\"logo\":{\"@type\":\"ImageObject\",\"inLanguage\":\"fr-FR\",\"@id\":\"http:\\\/\\\/moulin-de-chaules.com\\\/fr\\\/#\\\/schema\\\/logo\\\/image\\\/\",\"url\":\"https:\\\/\\\/moulin-de-chaules.com\\\/wp-content\\\/uploads\\\/2023\\\/11\\\/logo3.png\",\"contentUrl\":\"https:\\\/\\\/moulin-de-chaules.com\\\/wp-content\\\/uploads\\\/2023\\\/11\\\/logo3.png\",\"width\":1401,\"height\":1616,\"caption\":\"Camping Moulin de Chaules\"},\"image\":{\"@id\":\"http:\\\/\\\/moulin-de-chaules.com\\\/fr\\\/#\\\/schema\\\/logo\\\/image\\\/\"},\"sameAs\":[\"https:\\\/\\\/www.facebook.com\\\/CampingMoulinDeChaules\",\"https:\\\/\\\/www.instagram.com\\\/campingmoulindechaules\\\/\",\"https:\\\/\\\/fr.pinterest.com\\\/campingmoulindechaules\\\/\"]}]}<\/script>\n<!-- \/ Yoast SEO Premium plugin. -->","yoast_head_json":{"title":"\u00c9co friendly : vivre en harmonie avec la nature - Camping Moulin De Chaules","description":"D\u00e9couvrez comment notre famille a chang\u00e9 de vie pour cr\u00e9er un camping en harmonie avec la nature et l'esprit \u00e9co friendly.","robots":{"index":"index","follow":"follow","max-snippet":"max-snippet:-1","max-image-preview":"max-image-preview:large","max-video-preview":"max-video-preview:-1"},"canonical":"http:\/\/moulin-de-chaules.com\/fr\/eco-friendly\/","og_locale":"fr_FR","og_type":"article","og_title":"Eco Friendly","og_description":"D\u00e9couvrez comment notre famille a chang\u00e9 de vie pour cr\u00e9er un camping en harmonie avec la nature et l'esprit \u00e9co friendly.","og_url":"http:\/\/moulin-de-chaules.com\/fr\/eco-friendly\/","og_site_name":"Camping Moulin De Chaules","article_publisher":"https:\/\/www.facebook.com\/CampingMoulinDeChaules","article_modified_time":"2026-01-01T12:06:47+00:00","og_image":[{"width":512,"height":512,"url":"https:\/\/moulin-de-chaules.com\/wp-content\/uploads\/2023\/09\/cropped-logo-1.webp","type":"image\/webp"}],"twitter_card":"summary_large_image","twitter_misc":{"Dur\u00e9e de lecture estim\u00e9e":"18 minutes"},"schema":{"@context":"https:\/\/schema.org","@graph":[{"@type":"WebPage","@id":"http:\/\/moulin-de-chaules.com\/fr\/eco-friendly\/","url":"http:\/\/moulin-de-chaules.com\/fr\/eco-friendly\/","name":"\u00c9co friendly : vivre en harmonie avec la nature - Camping Moulin De Chaules","isPartOf":{"@id":"http:\/\/moulin-de-chaules.com\/fr\/#website"},"datePublished":"2026-01-01T11:47:41+00:00","dateModified":"2026-01-01T12:06:47+00:00","description":"D\u00e9couvrez comment notre famille a chang\u00e9 de vie pour cr\u00e9er un camping en harmonie avec la nature et l'esprit \u00e9co friendly.","breadcrumb":{"@id":"http:\/\/moulin-de-chaules.com\/fr\/eco-friendly\/#breadcrumb"},"inLanguage":"fr-FR","potentialAction":[{"@type":"ReadAction","target":["http:\/\/moulin-de-chaules.com\/fr\/eco-friendly\/"]}]},{"@type":"BreadcrumbList","@id":"http:\/\/moulin-de-chaules.com\/fr\/eco-friendly\/#breadcrumb","itemListElement":[{"@type":"ListItem","position":1,"name":"Accueil","item":"http:\/\/moulin-de-chaules.com\/fr\/"},{"@type":"ListItem","position":2,"name":"Eco Friendly"}]},{"@type":"WebSite","@id":"http:\/\/moulin-de-chaules.com\/fr\/#website","url":"http:\/\/moulin-de-chaules.com\/fr\/","name":"Camping Moulin de Chaules","description":"Charmant petit camping en vallee du lot","publisher":{"@id":"http:\/\/moulin-de-chaules.com\/fr\/#organization"},"alternateName":"Moulin de Chaules","potentialAction":[{"@type":"SearchAction","target":{"@type":"EntryPoint","urlTemplate":"http:\/\/moulin-de-chaules.com\/fr\/?s={search_term_string}"},"query-input":{"@type":"PropertyValueSpecification","valueRequired":true,"valueName":"search_term_string"}}],"inLanguage":"fr-FR"},{"@type":"Organization","@id":"http:\/\/moulin-de-chaules.com\/fr\/#organization","name":"Camping Moulin de Chaules","alternateName":"Moulin de Chaules","url":"http:\/\/moulin-de-chaules.com\/fr\/","logo":{"@type":"ImageObject","inLanguage":"fr-FR","@id":"http:\/\/moulin-de-chaules.com\/fr\/#\/schema\/logo\/image\/","url":"https:\/\/moulin-de-chaules.com\/wp-content\/uploads\/2023\/11\/logo3.png","contentUrl":"https:\/\/moulin-de-chaules.com\/wp-content\/uploads\/2023\/11\/logo3.png","width":1401,"height":1616,"caption":"Camping Moulin de Chaules"},"image":{"@id":"http:\/\/moulin-de-chaules.com\/fr\/#\/schema\/logo\/image\/"},"sameAs":["https:\/\/www.facebook.com\/CampingMoulinDeChaules","https:\/\/www.instagram.com\/campingmoulindechaules\/","https:\/\/fr.pinterest.com\/campingmoulindechaules\/"]}]}},"_links":{"self":[{"href":"https:\/\/moulin-de-chaules.com\/fr\/wp-json\/wp\/v2\/pages\/11105","targetHints":{"allow":["GET"]}}],"collection":[{"href":"https:\/\/moulin-de-chaules.com\/fr\/wp-json\/wp\/v2\/pages"}],"about":[{"href":"https:\/\/moulin-de-chaules.com\/fr\/wp-json\/wp\/v2\/types\/page"}],"author":[{"embeddable":true,"href":"https:\/\/moulin-de-chaules.com\/fr\/wp-json\/wp\/v2\/users\/2"}],"replies":[{"embeddable":true,"href":"https:\/\/moulin-de-chaules.com\/fr\/wp-json\/wp\/v2\/comments?post=11105"}],"version-history":[{"count":17,"href":"https:\/\/moulin-de-chaules.com\/fr\/wp-json\/wp\/v2\/pages\/11105\/revisions"}],"predecessor-version":[{"id":11124,"href":"https:\/\/moulin-de-chaules.com\/fr\/wp-json\/wp\/v2\/pages\/11105\/revisions\/11124"}],"wp:attachment":[{"href":"https:\/\/moulin-de-chaules.com\/fr\/wp-json\/wp\/v2\/media?parent=11105"}],"wp:term":[{"taxonomy":"folder","embeddable":true,"href":"https:\/\/moulin-de-chaules.com\/fr\/wp-json\/wp\/v2\/folder?post=11105"}],"curies":[{"name":"wp","href":"https:\/\/api.w.org\/{rel}","templated":true}]}}